{"id":10525,"date":"2018-06-06T16:43:20","date_gmt":"2018-06-06T16:43:20","guid":{"rendered":"https:\/\/www.giacomo-design.com\/?page_id=10525"},"modified":"2018-06-07T14:45:21","modified_gmt":"2018-06-07T14:45:21","slug":"zegarek-na-dzien-ojca","status":"publish","type":"page","link":"https:\/\/www.giacomo-design.com\/pl\/zegarek-na-dzien-ojca\/","title":{"rendered":"Zegarek na dzie\u0144 ojca"},"content":{"rendered":"<p>Dzie\u0144 Ojca w Polsce obchodzony jest 23. czerwca. To doskona\u0142a okazja by sp\u0119dzi\u0107 z tat\u0105 troch\u0119 czasu&#8230; i da\u0107 mu prezent, kt\u00f3rego nie zapomni. Podaruj swojemu tacie praktyczny prezent na Dzie\u0144 Ojca &#8211; markowy zegarek od Giacomo Design.<\/p>\n","protected":false},"excerpt":{"rendered":"<p>Dzie\u0144 Ojca w Polsce obchodzony jest 23. czerwca. To doskona\u0142a okazja by sp\u0119dzi\u0107 z tat\u0105 troch\u0119 czasu&#8230; i da\u0107 mu prezent, kt\u00f3rego nie zapomni. Podaruj swojemu tacie praktyczny prezent na Dzie\u0144 Ojca &#8211; markowy zegarek od Giacomo Design.<\/p>\n","protected":false},"author":1,"featured_media":10527,"parent":0,"menu_order":0,"comment_status":"closed","ping_status":"closed","template":"page-zegarki-dzien-ojca.php","meta":{"footnotes":""},"class_list":["post-10525","page","type-page","status-publish","has-post-thumbnail","hentry"],"aioseo_notices":[],"post_mailing_queue_ids":[],"_links":{"self":[{"href":"https:\/\/www.giacomo-design.com\/pl\/wp-json\/wp\/v2\/pages\/10525","targetHints":{"allow":["GET"]}}],"collection":[{"href":"https:\/\/www.giacomo-design.com\/pl\/wp-json\/wp\/v2\/pages"}],"about":[{"href":"https:\/\/www.giacomo-design.com\/pl\/wp-json\/wp\/v2\/types\/page"}],"author":[{"embeddable":true,"href":"https:\/\/www.giacomo-design.com\/pl\/wp-json\/wp\/v2\/users\/1"}],"replies":[{"embeddable":true,"href":"https:\/\/www.giacomo-design.com\/pl\/wp-json\/wp\/v2\/comments?post=10525"}],"version-history":[{"count":0,"href":"https:\/\/www.giacomo-design.com\/pl\/wp-json\/wp\/v2\/pages\/10525\/revisions"}],"wp:featuredmedia":[{"embeddable":true,"href":"https:\/\/www.giacomo-design.com\/pl\/wp-json\/wp\/v2\/media\/10527"}],"wp:attachment":[{"href":"https:\/\/www.giacomo-design.com\/pl\/wp-json\/wp\/v2\/media?parent=10525"}],"curies":[{"name":"wp","href":"https:\/\/api.w.org\/{rel}","templated":true}]}}