{"id":6681,"date":"2017-12-07T13:31:59","date_gmt":"2017-12-07T13:31:59","guid":{"rendered":"https:\/\/www.giacomo-design.com\/?page_id=6681"},"modified":"2018-03-27T09:10:13","modified_gmt":"2018-03-27T09:10:13","slug":"home","status":"publish","type":"page","link":"https:\/\/www.giacomo-design.com\/pl\/","title":{"rendered":"Sklep z zegarkami Giacomo Design | Zegarki m\u0119skie i damskie"},"content":{"rendered":"<p> Wysokiej jako\u015bci materia\u0142y ze sprawdzonymi mechanizmami zamkni\u0119te w designerskim, w\u0142oskim stylu. Darmowa wysy\u0142ka i zwrot gratis!<\/p>\n","protected":false},"excerpt":{"rendered":"<p>Wysokiej jako\u015bci materia\u0142y ze sprawdzonymi mechanizmami zamkni\u0119te w designerskim, w\u0142oskim stylu. Darmowa wysy\u0142ka i zwrot gratis!<\/p>\n","protected":false},"author":1,"featured_media":0,"parent":0,"menu_order":0,"comment_status":"closed","ping_status":"closed","template":"","meta":{"footnotes":""},"class_list":["post-6681","page","type-page","status-publish","hentry"],"aioseo_notices":[],"post_mailing_queue_ids":[],"_links":{"self":[{"href":"https:\/\/www.giacomo-design.com\/pl\/wp-json\/wp\/v2\/pages\/6681","targetHints":{"allow":["GET"]}}],"collection":[{"href":"https:\/\/www.giacomo-design.com\/pl\/wp-json\/wp\/v2\/pages"}],"about":[{"href":"https:\/\/www.giacomo-design.com\/pl\/wp-json\/wp\/v2\/types\/page"}],"author":[{"embeddable":true,"href":"https:\/\/www.giacomo-design.com\/pl\/wp-json\/wp\/v2\/users\/1"}],"replies":[{"embeddable":true,"href":"https:\/\/www.giacomo-design.com\/pl\/wp-json\/wp\/v2\/comments?post=6681"}],"version-history":[{"count":0,"href":"https:\/\/www.giacomo-design.com\/pl\/wp-json\/wp\/v2\/pages\/6681\/revisions"}],"wp:attachment":[{"href":"https:\/\/www.giacomo-design.com\/pl\/wp-json\/wp\/v2\/media?parent=6681"}],"curies":[{"name":"wp","href":"https:\/\/api.w.org\/{rel}","templated":true}]}}