{"id":673,"date":"2017-03-01T10:26:20","date_gmt":"2017-03-01T10:26:20","guid":{"rendered":"https:\/\/www.giacomo-design.com\/wspolpraca\/"},"modified":"2018-02-13T10:31:11","modified_gmt":"2018-02-13T10:31:11","slug":"wspolpraca","status":"publish","type":"page","link":"https:\/\/www.giacomo-design.com\/pl\/wspolpraca\/","title":{"rendered":"DLA FIRM"},"content":{"rendered":"<p>Zach\u0119camy do kontaktu wszystkie firmy zainteresowane wsp\u00f3\u0142prac\u0105 z mark\u0105 Giacomo Design. Z przyjemno\u015bci odpowiemy na wszystkie pytania.<\/p>\n<p>Oferta kierowana jest do firm zajmuj\u0105cych si\u0119 sprzeda\u017c\u0105 zegark\u00f3w \u2013 zar\u00f3wno sklepy stacjonarne jak i internetowe. Poni\u017cej pogl\u0105dowa witryna sklepowa i przyk\u0142ad ekspozycji zegark\u00f3w.<\/p>\n<p>S\u0105 okazje, kt\u00f3re wymagaj\u0105 wyj\u0105tkowej oprawy, nasze zegarki to \u015bwietny prezent przy zam\u00f3wieniu typu \u201egift\u201d dla firm mamy szerokie mo\u017cliwo\u015bci personalizacji \u00a0zegark\u00f3w jak i opakowa\u0144 m.in. grawer, karty podarunkowe i inne mo\u017cliwe uzgodnione z kontrahentem opcje. Jeste\u015bmy w stanie w kr\u00f3tkim okresie dostarczy\u0107 wymagane ilo\u015bci dostosowane do indywidualnych potrzeb. Dzi\u0119ki bogatemu do\u015bwiadczeniu zdobytemu na przestrzeni lat jeste\u015bmy przekonani \u017ce dostosujemy nasz\u0105 ofert\u0119 na miar\u0119 Pa\u0144stwa firm.<\/p>\n<p style=\"text-align: center;\"><img loading=\"lazy\" decoding=\"async\" class=\" size-full wp-image-663\" src=\"https:\/\/www.giacomo-design.com\/wp-content\/uploads\/2017\/03\/DSC_2090.png\" alt=\"\" width=\"776\" height=\"543\" srcset=\"https:\/\/www.giacomo-design.com\/wp-content\/uploads\/2017\/03\/DSC_2090.png 2048w, https:\/\/www.giacomo-design.com\/wp-content\/uploads\/2017\/03\/DSC_2090-895x626.png 895w, https:\/\/www.giacomo-design.com\/wp-content\/uploads\/2017\/03\/DSC_2090-686x480.png 686w, https:\/\/www.giacomo-design.com\/wp-content\/uploads\/2017\/03\/DSC_2090-768x537.png 768w, https:\/\/www.giacomo-design.com\/wp-content\/uploads\/2017\/03\/DSC_2090-179x125.png 179w, https:\/\/www.giacomo-design.com\/wp-content\/uploads\/2017\/03\/DSC_2090-250x175.png 250w, https:\/\/www.giacomo-design.com\/wp-content\/uploads\/2017\/03\/DSC_2090-429x300.png 429w\" sizes=\"auto, (max-width: 767px) 89vw, (max-width: 1000px) 54vw, (max-width: 1071px) 543px, 580px\" \/><\/p>\n<h3 style=\"text-align: center;\"><a href=\"\/pl\/kontakt\/\">SKONTAKTUJ SI\u0118 Z NAMI<\/a>\u00a0W RAZIE JAKICHKOLWIEK PYTA\u0143<\/h3>\n","protected":false},"excerpt":{"rendered":"<p>Zach\u0119camy do kontaktu wszystkie firmy zainteresowane wsp\u00f3\u0142prac\u0105 z mark\u0105 Giacomo Design. Z przyjemno\u015bci odpowiemy na wszystkie pytania. Oferta kierowana jest do firm zajmuj\u0105cych si\u0119 sprzeda\u017c\u0105 zegark\u00f3w \u2013 zar\u00f3wno sklepy stacjonarne jak i internetowe. Poni\u017cej pogl\u0105dowa witryna sklepowa i przyk\u0142ad ekspozycji zegark\u00f3w. S\u0105 okazje, kt\u00f3re wymagaj\u0105 wyj\u0105tkowej oprawy, nasze zegarki to \u015bwietny prezent przy zam\u00f3wieniu typu &hellip; <\/p>\n<p class=\"link-more\"><a href=\"https:\/\/www.giacomo-design.com\/pl\/wspolpraca\/\" class=\"more-link\">Czytaj dalej<span class=\"screen-reader-text\"> DLA FIRM<\/span><\/a><\/p>\n","protected":false},"author":1,"featured_media":663,"parent":0,"menu_order":9,"comment_status":"closed","ping_status":"closed","template":"","meta":{"footnotes":""},"class_list":["post-673","page","type-page","status-publish","has-post-thumbnail","hentry"],"aioseo_notices":[],"post_mailing_queue_ids":[],"_links":{"self":[{"href":"https:\/\/www.giacomo-design.com\/pl\/wp-json\/wp\/v2\/pages\/673","targetHints":{"allow":["GET"]}}],"collection":[{"href":"https:\/\/www.giacomo-design.com\/pl\/wp-json\/wp\/v2\/pages"}],"about":[{"href":"https:\/\/www.giacomo-design.com\/pl\/wp-json\/wp\/v2\/types\/page"}],"author":[{"embeddable":true,"href":"https:\/\/www.giacomo-design.com\/pl\/wp-json\/wp\/v2\/users\/1"}],"replies":[{"embeddable":true,"href":"https:\/\/www.giacomo-design.com\/pl\/wp-json\/wp\/v2\/comments?post=673"}],"version-history":[{"count":0,"href":"https:\/\/www.giacomo-design.com\/pl\/wp-json\/wp\/v2\/pages\/673\/revisions"}],"wp:featuredmedia":[{"embeddable":true,"href":"https:\/\/www.giacomo-design.com\/pl\/wp-json\/wp\/v2\/media\/663"}],"wp:attachment":[{"href":"https:\/\/www.giacomo-design.com\/pl\/wp-json\/wp\/v2\/media?parent=673"}],"curies":[{"name":"wp","href":"https:\/\/api.w.org\/{rel}","templated":true}]}}