{"id":10603,"date":"2018-06-27T07:50:53","date_gmt":"2018-06-27T07:52:59","guid":{"rendered":"https:\/\/www.giacomo-design.com\/?post_type=product&#038;p=10603"},"modified":"2018-11-23T08:23:21","modified_gmt":"2018-11-23T08:23:21","slug":"modello-di-pietra-gd18001","status":"publish","type":"product","link":"https:\/\/www.giacomo-design.com\/pl\/produkt\/modello-di-pietra-gd18001\/","title":{"rendered":"Modello di pietra GD18001"},"content":{"rendered":"","protected":false},"excerpt":{"rendered":"<p>Oto model kt\u00f3ry nie umknie uwadze, \u017cadnej eleganckiej kobiecie. Modello di pietra posiada pi\u0119kn\u0105 tarcz\u0119 wykonan\u0105 z bia\u0142ego marmuru kt\u00f3ry w po\u0142\u0105czeniu z czarnym drewnem sanda\u0142owym tworzy niesamowity dodatek, kt\u00f3ry idealnie komponuje si\u0119 z ka\u017cdego rodzaju stylizacj\u0105. Sprawd\u017a!<\/p>\n","protected":false},"featured_media":10714,"comment_status":"open","ping_status":"closed","template":"","meta":[],"class_list":["post-10603","product","type-product","status-publish","has-post-thumbnail","hentry","product_cat-drewniane-dla-kobiet","product_cat-damskie","pa_additionalfeatures-super-lekki","pa_additionalfeatures-wykonany-z-drewna-naturalnego","pa_casebackmaterial-czarne-drewno-sandalowe-pl","pa_casematerial-czarne-drewno-sandalowe","pa_clasptype-zatrzask","pa_dialcolor-bialy-marmur","pa_glass-krysztal-mineralny","pa_movement-oryginalny-mechanizm-swiss","pa_strapcolor-czarne-drewno-sandalowe","pa_strapmaterial-czarne-drewno-sandalowe-pl","pa_strapwidth-16-mm-pl","pa_warranty-2-lata","collection-zegarki-damskie-z-mechanizmem-szwajcarskim","collection-modello-di-pietra-pl","dial_color-drewno-amarantowe","strap_color-drewno","case_material-drewno-amarantowe","strap_material-drewno"],"aioseo_notices":[],"post_mailing_queue_ids":[],"_links":{"self":[{"href":"https:\/\/www.giacomo-design.com\/pl\/wp-json\/wp\/v2\/product\/10603","targetHints":{"allow":["GET"]}}],"collection":[{"href":"https:\/\/www.giacomo-design.com\/pl\/wp-json\/wp\/v2\/product"}],"about":[{"href":"https:\/\/www.giacomo-design.com\/pl\/wp-json\/wp\/v2\/types\/product"}],"replies":[{"embeddable":true,"href":"https:\/\/www.giacomo-design.com\/pl\/wp-json\/wp\/v2\/comments?post=10603"}],"wp:featuredmedia":[{"embeddable":true,"href":"https:\/\/www.giacomo-design.com\/pl\/wp-json\/"}],"wp:attachment":[{"href":"https:\/\/www.giacomo-design.com\/pl\/wp-json\/wp\/v2\/media?parent=10603"}],"curies":[{"name":"wp","href":"https:\/\/api.w.org\/{rel}","templated":true}]}}