{"id":10606,"date":"2018-06-27T08:02:46","date_gmt":"2018-06-27T08:03:58","guid":{"rendered":"https:\/\/www.giacomo-design.com\/?post_type=product&#038;p=10606"},"modified":"2021-09-17T14:46:52","modified_gmt":"2021-09-17T14:46:52","slug":"modello-di-pietra-gd18002","status":"publish","type":"product","link":"https:\/\/www.giacomo-design.com\/pl\/produkt\/modello-di-pietra-gd18002\/","title":{"rendered":"Modello di pietra GD18002"},"content":{"rendered":"","protected":false},"excerpt":{"rendered":"<p>Modello di pietra GD18002 wyr\u00f3\u017cnia wyj\u0105tkowa tarcza, przypominaj\u0105ca rozgwie\u017cdzone niebo &#8211; by uzyska\u0107 ten efekt zastosowano naturalny kamie\u0144. Ca\u0142o\u015b\u0107 dope\u0142nia stylowa i wygodna w noszeniu bransoleta wykonana z Drewna wi\u015bniowego.<\/p>\n","protected":false},"featured_media":0,"comment_status":"open","ping_status":"closed","template":"","meta":[],"class_list":["post-10606","product","type-product","status-publish","hentry","product_cat-drewniane-dla-kobiet","product_cat-damskie","pa_additionalfeatures-super-lekki","pa_additionalfeatures-wykonany-z-drewna-naturalnego","pa_casebackmaterial-drewno-wisniowe","pa_casematerial-drewno-wisniowe","pa_clasptype-zatrzask","pa_dialcolor-niebieski-piaskowiec","pa_glass-krysztal-mineralny","pa_movement-oryginalny-mechanizm-swiss","pa_strapcolor-cherry-wood-pl","pa_strapmaterial-cherry-wood-pl","pa_strapwidth-16-mm-pl","pa_warranty-2-lata","collection-zegarki-damskie-z-mechanizmem-szwajcarskim","collection-modello-di-pietra-pl","strap_material-drewno"],"aioseo_notices":[],"post_mailing_queue_ids":[],"_links":{"self":[{"href":"https:\/\/www.giacomo-design.com\/pl\/wp-json\/wp\/v2\/product\/10606","targetHints":{"allow":["GET"]}}],"collection":[{"href":"https:\/\/www.giacomo-design.com\/pl\/wp-json\/wp\/v2\/product"}],"about":[{"href":"https:\/\/www.giacomo-design.com\/pl\/wp-json\/wp\/v2\/types\/product"}],"replies":[{"embeddable":true,"href":"https:\/\/www.giacomo-design.com\/pl\/wp-json\/wp\/v2\/comments?post=10606"}],"wp:attachment":[{"href":"https:\/\/www.giacomo-design.com\/pl\/wp-json\/wp\/v2\/media?parent=10606"}],"curies":[{"name":"wp","href":"https:\/\/api.w.org\/{rel}","templated":true}]}}