{"id":10612,"date":"2018-06-27T08:16:02","date_gmt":"2018-06-27T08:17:27","guid":{"rendered":"https:\/\/www.giacomo-design.com\/?post_type=product&#038;p=10612"},"modified":"2024-05-08T21:59:25","modified_gmt":"2024-05-08T21:59:25","slug":"cristalli-in-pietra-gd28001","status":"publish","type":"product","link":"https:\/\/www.giacomo-design.com\/pl\/produkt\/cristalli-in-pietra-gd28001\/","title":{"rendered":"Cristalli in pietra GD28001"},"content":{"rendered":"","protected":false},"excerpt":{"rendered":"<p>Model Cristalli in pietra GD28001 to po\u0142\u0105czenie intensywnego koloru drewna amarantowego z b\u0142yszcz\u0105cymi, bezbarwnymi kryszta\u0142kami. Z\u0142ote wyko\u0144czenia dodaj\u0105 mu szyku i elegancji. Dodatkowym atutem tego zegarka jest jego lekko\u015b\u0107, kt\u00f3ra w du\u017cym stopniu przek\u0142ada si\u0119 na wygod\u0119 noszenia. Nie zwlekaj i ju\u017c dzi\u015b poznaj wszystkie kolory!<\/p>\n","protected":false},"featured_media":0,"comment_status":"open","ping_status":"closed","template":"","meta":[],"class_list":["post-10612","product","type-product","status-publish","hentry","product_cat-drewniane-dla-kobiet","product_cat-damskie","pa_additionalfeatures-super-lekki","pa_additionalfeatures-wykonany-z-drewna-naturalnego","pa_casebackmaterial-drewno-amarant","pa_casematerial-drewno-amarantowe","pa_clasptype-zatrzask","pa_dialcolor-drewno-amarantowe","pa_glass-krysztal-mineralny","pa_movement-japonski-kwarcowy","pa_strapcolor-drewno-amarantowe","pa_strapmaterial-drewno-amarantowe","pa_strapwidth-16-mm-pl","pa_warranty-2-lata","collection-zegarki-damskie-cristalli-in-pietra","dial_color-drewno-amarantowe","strap_color-drewno","case_material-drewno-amarantowe","strap_material-drewno"],"aioseo_notices":[],"post_mailing_queue_ids":[],"_links":{"self":[{"href":"https:\/\/www.giacomo-design.com\/pl\/wp-json\/wp\/v2\/product\/10612","targetHints":{"allow":["GET"]}}],"collection":[{"href":"https:\/\/www.giacomo-design.com\/pl\/wp-json\/wp\/v2\/product"}],"about":[{"href":"https:\/\/www.giacomo-design.com\/pl\/wp-json\/wp\/v2\/types\/product"}],"replies":[{"embeddable":true,"href":"https:\/\/www.giacomo-design.com\/pl\/wp-json\/wp\/v2\/comments?post=10612"}],"wp:attachment":[{"href":"https:\/\/www.giacomo-design.com\/pl\/wp-json\/wp\/v2\/media?parent=10612"}],"curies":[{"name":"wp","href":"https:\/\/api.w.org\/{rel}","templated":true}]}}