{"id":10622,"date":"2018-06-27T09:32:48","date_gmt":"2018-06-27T09:34:55","guid":{"rendered":"https:\/\/www.giacomo-design.com\/?post_type=product&#038;p=10622"},"modified":"2018-11-23T08:23:26","modified_gmt":"2018-11-23T08:23:26","slug":"cristalli-in-pietra-gd28002","status":"publish","type":"product","link":"https:\/\/www.giacomo-design.com\/pl\/produkt\/cristalli-in-pietra-gd28002\/","title":{"rendered":"Cristalli in pietra GD28002"},"content":{"rendered":"","protected":false},"excerpt":{"rendered":"<p>CRISTALLI IN PIETRA GD28002 \u0142\u0105czy ze sob\u0105 ciemne drewno sanda\u0142owe oraz b\u0142yszcz\u0105ce kryszta\u0142ki. Model ten spe\u0142ni oczekiwania nawet najbardziej wymagaj\u0105cej kobiety. \u015awietnie komponuje si\u0119 zar\u00f3wno z eleganck\u0105 stylizacj\u0105 jak r\u00f3wnie\u017c t\u0105 bardziej casualow\u0105. Sprawd\u017a to!<\/p>\n","protected":false},"featured_media":0,"comment_status":"open","ping_status":"closed","template":"","meta":[],"class_list":["post-10622","product","type-product","status-publish","hentry","product_cat-drewniane-dla-kobiet","product_cat-damskie","pa_additionalfeatures-super-lekki","pa_additionalfeatures-wykonany-z-drewna-naturalnego","pa_casebackmaterial-drewno-sandalowe","pa_casematerial-drewno-sandalowe","pa_clasptype-zatrzask","pa_dialcolor-drewno-orzechowe","pa_glass-krysztal-mineralny","pa_movement-japonski-kwarcowy","pa_strapcolor-drewno-sandalowe","pa_strapmaterial-drewno-sandalowe","pa_strapwidth-16-mm-pl","pa_warranty-2-lata","collection-zegarki-damskie-cristalli-in-pietra","dial_color-drewno-orzechowe","strap_color-drewno","case_material-drewno-sandalowe","strap_material-drewno"],"aioseo_notices":[],"post_mailing_queue_ids":[],"_links":{"self":[{"href":"https:\/\/www.giacomo-design.com\/pl\/wp-json\/wp\/v2\/product\/10622","targetHints":{"allow":["GET"]}}],"collection":[{"href":"https:\/\/www.giacomo-design.com\/pl\/wp-json\/wp\/v2\/product"}],"about":[{"href":"https:\/\/www.giacomo-design.com\/pl\/wp-json\/wp\/v2\/types\/product"}],"replies":[{"embeddable":true,"href":"https:\/\/www.giacomo-design.com\/pl\/wp-json\/wp\/v2\/comments?post=10622"}],"wp:attachment":[{"href":"https:\/\/www.giacomo-design.com\/pl\/wp-json\/wp\/v2\/media?parent=10622"}],"curies":[{"name":"wp","href":"https:\/\/api.w.org\/{rel}","templated":true}]}}