{"id":10636,"date":"2018-06-27T12:41:50","date_gmt":"2018-06-27T12:41:50","guid":{"rendered":"https:\/\/www.giacomo-design.com\/?post_type=product&#038;p=10636"},"modified":"2025-05-17T02:01:39","modified_gmt":"2025-05-17T02:01:39","slug":"modello-di-pietra-gd18003","status":"publish","type":"product","link":"https:\/\/www.giacomo-design.com\/pl\/produkt\/modello-di-pietra-gd18003\/","title":{"rendered":"Modello di pietra GD18003"},"content":{"rendered":"","protected":false},"excerpt":{"rendered":"<p>Oto model kt\u00f3ry nie umknie uwadze, \u017cadnej eleganckiej kobiecie. Modello di pietra\u00a0GD18003 posiada pi\u0119kn\u0105 tarcz\u0119 wykonan\u0105 z jasnego drewna naturalnego kt\u00f3ry w po\u0142\u0105czeniu z wytrzyma\u0142ym drewnem d\u0119bowym tworzy niesamowity dodatek, idealnie komponuj\u0105cy si\u0119 z ka\u017cdego rodzaju stylizacj\u0105. Sprawd\u017a!<\/p>\n","protected":false},"featured_media":0,"comment_status":"open","ping_status":"closed","template":"","meta":[],"class_list":["post-10636","product","type-product","status-publish","hentry","product_cat-drewniane-dla-kobiet","product_cat-damskie","pa_additionalfeatures-super-lekki","pa_additionalfeatures-wykonany-z-drewna-naturalnego","pa_casebackmaterial-drewno-debowe","pa_casematerial-drewno-debowe","pa_clasptype-zatrzask","pa_dialcolor-drewno-naturalne","pa_glass-krysztal-mineralny","pa_movement-oryginalny-mechanizm-swiss","pa_strapcolor-drewno-debowe","pa_strapmaterial-drewno-debowe","pa_strapwidth-16-mm-pl","pa_warranty-2-lata","collection-zegarki-damskie-z-mechanizmem-szwajcarskim","collection-modello-di-pietra-pl","dial_color-drewno","strap_color-drewno","case_material-drewno","strap_material-drewno"],"aioseo_notices":[],"post_mailing_queue_ids":[],"_links":{"self":[{"href":"https:\/\/www.giacomo-design.com\/pl\/wp-json\/wp\/v2\/product\/10636","targetHints":{"allow":["GET"]}}],"collection":[{"href":"https:\/\/www.giacomo-design.com\/pl\/wp-json\/wp\/v2\/product"}],"about":[{"href":"https:\/\/www.giacomo-design.com\/pl\/wp-json\/wp\/v2\/types\/product"}],"replies":[{"embeddable":true,"href":"https:\/\/www.giacomo-design.com\/pl\/wp-json\/wp\/v2\/comments?post=10636"}],"wp:attachment":[{"href":"https:\/\/www.giacomo-design.com\/pl\/wp-json\/wp\/v2\/media?parent=10636"}],"curies":[{"name":"wp","href":"https:\/\/api.w.org\/{rel}","templated":true}]}}