{"id":10641,"date":"2018-06-27T12:57:45","date_gmt":"2018-06-27T13:02:33","guid":{"rendered":"https:\/\/www.giacomo-design.com\/?post_type=product&#038;p=10641"},"modified":"2019-04-01T09:08:25","modified_gmt":"2019-04-01T09:08:25","slug":"forza-di-pietra-gd08104","status":"publish","type":"product","link":"https:\/\/www.giacomo-design.com\/pl\/produkt\/forza-di-pietra-gd08104\/","title":{"rendered":"M\u0119ski zegarek drewniany Calendario estesso GD08103"},"content":{"rendered":"","protected":false},"excerpt":{"rendered":"<p>Calendario estesso GD08103 to model posiadaj\u0105cy rozbudowany datownik. Po\u0142\u0105czenie dw\u00f3ch rodzaj\u00f3w drewna tj. czarnego i czerwonego drewna sanda\u0142owego sprawia \u017ce zegarek wygl\u0105da nowocze\u015bnie i stylowo. Dodatkiem s\u0105 oryginalne wskaz\u00f3wki o ciekawym kszta\u0142cie.<\/p>\n","protected":false},"featured_media":0,"comment_status":"open","ping_status":"closed","template":"","meta":[],"class_list":["post-10641","product","type-product","status-publish","hentry","product_cat-meskie","product_cat-drewniane-dla-mezczyzn","pa_additionalfeatures-super-lekki","pa_additionalfeatures-wykonany-z-drewna-naturalnego","pa_casebackmaterial-czarne-drewno-sandalowe","pa_casebackmaterial-czarne-drewno-sandalowe-pl","pa_casematerial-czarne-drewno-sandalowe","pa_clasptype-zatrzask","pa_dialcolor-czarne-drewno-sandalowe","pa_dialcolor-czerwone-drewno-sandalowe","pa_glass-krysztal-mineralny","pa_movement-japonski-kwarcowy","pa_strapmaterial-czarne-drewno-sandalowe","pa_strapmaterial-czarne-drewno-sandalowe-pl","pa_warranty-2-lata","collection-calendario-esteso-pl","dial_color-czarne-drewno-sandalowe","strap_color-drewno","case_material-czarne-drewno-sandalowe","strap_material-drewno"],"aioseo_notices":[],"post_mailing_queue_ids":[],"_links":{"self":[{"href":"https:\/\/www.giacomo-design.com\/pl\/wp-json\/wp\/v2\/product\/10641","targetHints":{"allow":["GET"]}}],"collection":[{"href":"https:\/\/www.giacomo-design.com\/pl\/wp-json\/wp\/v2\/product"}],"about":[{"href":"https:\/\/www.giacomo-design.com\/pl\/wp-json\/wp\/v2\/types\/product"}],"replies":[{"embeddable":true,"href":"https:\/\/www.giacomo-design.com\/pl\/wp-json\/wp\/v2\/comments?post=10641"}],"wp:attachment":[{"href":"https:\/\/www.giacomo-design.com\/pl\/wp-json\/wp\/v2\/media?parent=10641"}],"curies":[{"name":"wp","href":"https:\/\/api.w.org\/{rel}","templated":true}]}}