{"id":10646,"date":"2018-06-27T13:09:35","date_gmt":"2018-06-27T13:10:49","guid":{"rendered":"https:\/\/www.giacomo-design.com\/?post_type=product&#038;p=10646"},"modified":"2019-04-01T09:08:25","modified_gmt":"2019-04-01T09:08:25","slug":"forza-di-pietra-gd08104-2","status":"publish","type":"product","link":"https:\/\/www.giacomo-design.com\/pl\/produkt\/forza-di-pietra-gd08104-2\/","title":{"rendered":"M\u0119ski zegarek drewniany Calendario estesso GD08104"},"content":{"rendered":"","protected":false},"excerpt":{"rendered":"<p>Calendario estesso GD08104 to model posiadaj\u0105cy rozbudowany datownik. Po\u0142\u0105czenie dw\u00f3ch rodzaj\u00f3w drewna tj. czarnego i czerwonego drewna sanda\u0142owego sprawia \u017ce zegarek wygl\u0105da nowocze\u015bnie i stylowo. Dodatkiem s\u0105 oryginalne wskaz\u00f3wki o ciekawym kszta\u0142cie.<\/p>\n","protected":false},"featured_media":0,"comment_status":"open","ping_status":"closed","template":"","meta":[],"class_list":["post-10646","product","type-product","status-publish","hentry","product_cat-meskie","product_cat-drewniane-dla-mezczyzn","pa_additionalfeatures-super-lekki","pa_additionalfeatures-wykonany-z-drewna-naturalnego","pa_casebackmaterial-czarne-drewno-sandalowe-pl","pa_casebackmaterial-czarne-drewno-sandalowe","pa_casematerial-czarne-drewno-sandalowe","pa_clasptype-zatrzask","pa_dialcolor-czarne-drewno-sandalowe","pa_dialcolor-drewno-klonowe","pa_movement-japonski-kwarcowy","pa_strapcolor-czarne-drewno-sandalowe","pa_strapcolor-drewno-klonowe","pa_strapmaterial-czarne-drewno-sandalowe-pl","pa_strapmaterial-czarne-drewno-sandalowe","pa_strapmaterial-drewno-klonowe","pa_warranty-2-lata","collection-calendario-esteso-pl","dial_color-czarne-drewno-sandalowe","dial_color-drewno-klonowe","strap_color-drewno","case_material-czarne-drewno-sandalowe","case_material-drewno-klonowe","strap_material-drewno"],"aioseo_notices":[],"post_mailing_queue_ids":[],"_links":{"self":[{"href":"https:\/\/www.giacomo-design.com\/pl\/wp-json\/wp\/v2\/product\/10646","targetHints":{"allow":["GET"]}}],"collection":[{"href":"https:\/\/www.giacomo-design.com\/pl\/wp-json\/wp\/v2\/product"}],"about":[{"href":"https:\/\/www.giacomo-design.com\/pl\/wp-json\/wp\/v2\/types\/product"}],"replies":[{"embeddable":true,"href":"https:\/\/www.giacomo-design.com\/pl\/wp-json\/wp\/v2\/comments?post=10646"}],"wp:attachment":[{"href":"https:\/\/www.giacomo-design.com\/pl\/wp-json\/wp\/v2\/media?parent=10646"}],"curies":[{"name":"wp","href":"https:\/\/api.w.org\/{rel}","templated":true}]}}