{"id":10653,"date":"2018-06-27T13:24:36","date_gmt":"2018-06-27T13:33:32","guid":{"rendered":"https:\/\/www.giacomo-design.com\/?post_type=product&#038;p=10653"},"modified":"2019-04-01T09:08:24","modified_gmt":"2019-04-01T09:08:24","slug":"forza-di-pietra-gd08803","status":"publish","type":"product","link":"https:\/\/www.giacomo-design.com\/pl\/produkt\/forza-di-pietra-gd08803\/","title":{"rendered":"Drewniany zegarek Forza di Pietra GD08803"},"content":{"rendered":"","protected":false},"excerpt":{"rendered":"<p>Model\u00a0Forza di Pietra GD08803 to po\u0142\u0105czenie szarego marmuru z drewnem orzechowym. Pomimo zastosowanego na tarczy kamienia, zegarek jest lekki i wygodny w u\u017cytkowaniu.<\/p>\n","protected":false},"featured_media":0,"comment_status":"open","ping_status":"closed","template":"","meta":[],"class_list":["post-10653","product","type-product","status-publish","hentry","product_cat-meskie","product_cat-drewniane-dla-mezczyzn","pa_additionalfeatures-super-lekki","pa_additionalfeatures-wykonany-z-drewna-naturalnego","pa_casebackmaterial-drewno-orzechowe","pa_casematerial-drewno-orzechowe","pa_clasptype-zatrzask","pa_dialcolor-szary-marmur","pa_glass-krysztal-mineralny","pa_movement-oryginalny-mechanizm-swiss","pa_strapcolor-drewno-orzechowe","pa_strapcolor-drewno-orzechowe-pl","pa_strapmaterial-drewno-orzechowe","pa_strapmaterial-drewno-orzechowe-pl","pa_warranty-2-lata","collection-forza-di-pietra-pl","strap_material-drewno"],"aioseo_notices":[],"post_mailing_queue_ids":[],"_links":{"self":[{"href":"https:\/\/www.giacomo-design.com\/pl\/wp-json\/wp\/v2\/product\/10653","targetHints":{"allow":["GET"]}}],"collection":[{"href":"https:\/\/www.giacomo-design.com\/pl\/wp-json\/wp\/v2\/product"}],"about":[{"href":"https:\/\/www.giacomo-design.com\/pl\/wp-json\/wp\/v2\/types\/product"}],"replies":[{"embeddable":true,"href":"https:\/\/www.giacomo-design.com\/pl\/wp-json\/wp\/v2\/comments?post=10653"}],"wp:attachment":[{"href":"https:\/\/www.giacomo-design.com\/pl\/wp-json\/wp\/v2\/media?parent=10653"}],"curies":[{"name":"wp","href":"https:\/\/api.w.org\/{rel}","templated":true}]}}