{"id":10659,"date":"2018-06-27T13:45:31","date_gmt":"2018-06-27T13:55:07","guid":{"rendered":"https:\/\/www.giacomo-design.com\/?post_type=product&#038;p=10659"},"modified":"2019-04-01T09:08:23","modified_gmt":"2019-04-01T09:08:23","slug":"forza-di-pietra-gd08804","status":"publish","type":"product","link":"https:\/\/www.giacomo-design.com\/pl\/produkt\/forza-di-pietra-gd08804\/","title":{"rendered":"Drewniany zegarek Forza di pietra GD08804"},"content":{"rendered":"","protected":false},"excerpt":{"rendered":"<p>Model\u00a0Forza di pietra GD08804 posiada\u00a0ciekaw\u0105 tarcz\u0119 wykonan\u0105 z kamienia naturalnego.\u00a0<span lang=\"en-us\" xml:lang=\"en-us\">Jego szeroko\u015b\u0107 to 45mm. Zegarek ten bez w\u0105tpienia pasuje do tych eleganckich jak i bardziej casualowych stylizacji.<\/span><\/p>\n","protected":false},"featured_media":0,"comment_status":"open","ping_status":"closed","template":"","meta":[],"class_list":["post-10659","product","type-product","status-publish","hentry","product_cat-drewniane-dla-mezczyzn","pa_additionalfeatures-super-lekki","pa_additionalfeatures-wykonany-z-drewna-naturalnego","pa_casebackmaterial-drewno-tekowe","pa_casematerial-drewno-tekowe","pa_clasptype-zatrzask","pa_dialcolor-kamien-naturalny-pl","pa_glass-krysztal-mineralny","pa_movement-oryginalny-mechanizm-swiss","pa_strapcolor-drewno-tekowe","pa_strapmaterial-drewno-tekowe","pa_warranty-2-lata","collection-forza-di-pietra-pl","strap_color-drewno","case_material-drewno","strap_material-drewno"],"aioseo_notices":[],"post_mailing_queue_ids":[],"_links":{"self":[{"href":"https:\/\/www.giacomo-design.com\/pl\/wp-json\/wp\/v2\/product\/10659","targetHints":{"allow":["GET"]}}],"collection":[{"href":"https:\/\/www.giacomo-design.com\/pl\/wp-json\/wp\/v2\/product"}],"about":[{"href":"https:\/\/www.giacomo-design.com\/pl\/wp-json\/wp\/v2\/types\/product"}],"replies":[{"embeddable":true,"href":"https:\/\/www.giacomo-design.com\/pl\/wp-json\/wp\/v2\/comments?post=10659"}],"wp:attachment":[{"href":"https:\/\/www.giacomo-design.com\/pl\/wp-json\/wp\/v2\/media?parent=10659"}],"curies":[{"name":"wp","href":"https:\/\/api.w.org\/{rel}","templated":true}]}}