{"id":10679,"date":"2018-06-27T14:59:17","date_gmt":"2018-06-28T07:52:12","guid":{"rendered":"https:\/\/www.giacomo-design.com\/?post_type=product&#038;p=10679"},"modified":"2019-04-01T09:08:22","modified_gmt":"2019-04-01T09:08:22","slug":"stile-moderno-gd08903","status":"publish","type":"product","link":"https:\/\/www.giacomo-design.com\/pl\/produkt\/stile-moderno-gd08903\/","title":{"rendered":"Zegarek m\u0119ski drewniany Stile moderno GD08903"},"content":{"rendered":"","protected":false},"excerpt":{"rendered":"<p>Zegarek Stile moderno GD08903 to po\u0142\u0105czenie stylu z nowoczesno\u015bci\u0105. Ciekawy wz\u00f3r bransolety oraz naturalne drewno sprawi\u0105, \u017ce zegarek nie pozostanie niezauwa\u017cony. Ju\u017c dzi\u015b poznaj ca\u0142\u0105 seri\u0119 Stile moderno.<\/p>\n","protected":false},"featured_media":0,"comment_status":"open","ping_status":"closed","template":"","meta":[],"class_list":["post-10679","product","type-product","status-publish","hentry","product_cat-meskie","product_cat-drewniane-dla-mezczyzn","pa_additionalfeatures-super-lekki","pa_additionalfeatures-wykonany-z-drewna-naturalnego","pa_casebackmaterial-drewno-orzechowe","pa_casebackmaterial-drewno-zebrano","pa_casematerial-drewno-orzechowe","pa_casematerial-drewno-zebrano","pa_clasptype-zatrzask","pa_dialcolor-drewno-naturalne","pa_glass-krysztal-mineralny","pa_movement-oryginalny-mechanizm-swiss","pa_strapcolor-drewno-orzechowe","pa_strapcolor-drewno-orzechowe-pl","pa_strapcolor-drewno-zebrano","pa_strapmaterial-drewno-orzechowe","pa_strapmaterial-drewno-orzechowe-pl","pa_strapmaterial-drewno-zebrano","pa_warranty-2-lata","collection-zegarki-meskie-z-mechanizmem-szwajcarskim","collection-zegarki-stile-moderno-pl","dial_color-drewno","strap_color-drewno","case_material-drewno","strap_material-drewno"],"aioseo_notices":[],"post_mailing_queue_ids":[],"_links":{"self":[{"href":"https:\/\/www.giacomo-design.com\/pl\/wp-json\/wp\/v2\/product\/10679","targetHints":{"allow":["GET"]}}],"collection":[{"href":"https:\/\/www.giacomo-design.com\/pl\/wp-json\/wp\/v2\/product"}],"about":[{"href":"https:\/\/www.giacomo-design.com\/pl\/wp-json\/wp\/v2\/types\/product"}],"replies":[{"embeddable":true,"href":"https:\/\/www.giacomo-design.com\/pl\/wp-json\/wp\/v2\/comments?post=10679"}],"wp:attachment":[{"href":"https:\/\/www.giacomo-design.com\/pl\/wp-json\/wp\/v2\/media?parent=10679"}],"curies":[{"name":"wp","href":"https:\/\/api.w.org\/{rel}","templated":true}]}}