{"id":10687,"date":"2018-06-28T08:02:49","date_gmt":"2018-06-28T08:06:23","guid":{"rendered":"https:\/\/www.giacomo-design.com\/?post_type=product&#038;p=10687"},"modified":"2019-04-01T09:08:21","modified_gmt":"2019-04-01T09:08:21","slug":"stile-moderno-gd08904","status":"publish","type":"product","link":"https:\/\/www.giacomo-design.com\/pl\/produkt\/stile-moderno-gd08904\/","title":{"rendered":"Zegarek m\u0119ski drewniany Stile moderno GD08904"},"content":{"rendered":"","protected":false},"excerpt":{"rendered":"<p>Seria Stile moderno to nowoczesne zegarki wykonane z najlepszych materia\u0142\u00f3w. Zastosowane drewno jest lekkie i wygodne w codziennym u\u017cytkowaniu. \u015arednica jego koperty to 42 mm.<\/p>\n","protected":false},"featured_media":0,"comment_status":"open","ping_status":"closed","template":"","meta":[],"class_list":["post-10687","product","type-product","status-publish","hentry","product_cat-meskie","product_cat-drewniane-dla-mezczyzn","pa_additionalfeatures-super-lekki","pa_additionalfeatures-wykonany-z-drewna-naturalnego","pa_casebackmaterial-czarne-drewno-sandalowe","pa_casebackmaterial-czarne-drewno-sandalowe-pl","pa_casematerial-czarne-drewno-sandalowe","pa_casematerial-drewno-oliwne","pa_clasptype-zatrzask","pa_dialcolor-drewno-zebrano","pa_glass-krysztal-mineralny","pa_movement-oryginalny-mechanizm-swiss","pa_strapcolor-czarne-drewno-sandalowe","pa_strapcolor-drewno-oliwne","pa_strapmaterial-czarne-drewno-sandalowe","pa_strapmaterial-czarne-drewno-sandalowe-pl","pa_strapmaterial-drewno-oliwne","pa_warranty-2-lata","collection-zegarki-meskie-z-mechanizmem-szwajcarskim","collection-zegarki-stile-moderno-pl","dial_color-drewno","strap_color-drewno","case_material-drewno","strap_material-drewno"],"aioseo_notices":[],"post_mailing_queue_ids":[],"_links":{"self":[{"href":"https:\/\/www.giacomo-design.com\/pl\/wp-json\/wp\/v2\/product\/10687","targetHints":{"allow":["GET"]}}],"collection":[{"href":"https:\/\/www.giacomo-design.com\/pl\/wp-json\/wp\/v2\/product"}],"about":[{"href":"https:\/\/www.giacomo-design.com\/pl\/wp-json\/wp\/v2\/types\/product"}],"replies":[{"embeddable":true,"href":"https:\/\/www.giacomo-design.com\/pl\/wp-json\/wp\/v2\/comments?post=10687"}],"wp:attachment":[{"href":"https:\/\/www.giacomo-design.com\/pl\/wp-json\/wp\/v2\/media?parent=10687"}],"curies":[{"name":"wp","href":"https:\/\/api.w.org\/{rel}","templated":true}]}}