{"id":1183,"date":"2017-03-06T16:02:15","date_gmt":"2017-03-06T16:02:15","guid":{"rendered":"https:\/\/www.giacomo-design.com\/product\/zegarek-giacomo-design-sportiva-czarnyniebieska-skora-chronograf\/"},"modified":"2025-05-12T14:05:58","modified_gmt":"2025-05-12T14:05:58","slug":"sportiva-gd02003","status":"publish","type":"product","link":"https:\/\/www.giacomo-design.com\/pl\/produkt\/sportiva-gd02003\/","title":{"rendered":"Sportiva GD02003"},"content":{"rendered":"","protected":false},"excerpt":{"rendered":"<p style=\"text-align: left\">Seria Sportiva \u2013 sportowy styl po\u0142\u0105czony z elegancj\u0105.<br \/>\nTen model Sportiva posiada czarn\u0105 stalow\u0105 kopert\u0119 o matowej strukturze. Czarny kolor tarczy i pomara\u0144czowe indeksy doskonale komponuj\u0105 si\u0119 z granatowym sk\u00f3rzanym paskiem.<\/p>\n","protected":false},"featured_media":1143,"comment_status":"open","ping_status":"closed","template":"","meta":[],"class_list":["post-1183","product","type-product","status-publish","has-post-thumbnail","hentry","product_cat-chronograf","product_tag-matowy","product_tag-skora","product_tag-stal","pa_additionalfeatures-chronograf","pa_additionalfeatures-data-dzien-miesiaca","pa_additionalfeatures-fluorescencyjne-wskazowki","pa_casebackmaterial-stal-nierdzewna","pa_casematerial-stal-nierdzewna","pa_clasptype-klamra","pa_dialcolor-niebieski","pa_glass-krysztal-mineralny","pa_movement-japonski-vr32","pa_strapcolor-niebieski","pa_strapmaterial-skora-naturalna-pl","pa_warranty-2-lata","collection-sportiva-pl","dial_color-niebieski","strap_color-niebieski","case_material-stal-nierdzewna","strap_material-skora"],"aioseo_notices":[],"post_mailing_queue_ids":[],"_links":{"self":[{"href":"https:\/\/www.giacomo-design.com\/pl\/wp-json\/wp\/v2\/product\/1183","targetHints":{"allow":["GET"]}}],"collection":[{"href":"https:\/\/www.giacomo-design.com\/pl\/wp-json\/wp\/v2\/product"}],"about":[{"href":"https:\/\/www.giacomo-design.com\/pl\/wp-json\/wp\/v2\/types\/product"}],"replies":[{"embeddable":true,"href":"https:\/\/www.giacomo-design.com\/pl\/wp-json\/wp\/v2\/comments?post=1183"}],"wp:featuredmedia":[{"embeddable":true,"href":"https:\/\/www.giacomo-design.com\/pl\/wp-json\/wp\/v2\/media\/1143"}],"wp:attachment":[{"href":"https:\/\/www.giacomo-design.com\/pl\/wp-json\/wp\/v2\/media?parent=1183"}],"curies":[{"name":"wp","href":"https:\/\/api.w.org\/{rel}","templated":true}]}}