{"id":1463,"date":"2017-03-07T10:36:56","date_gmt":"2017-03-07T10:36:56","guid":{"rendered":"https:\/\/www.giacomo-design.com\/product\/zegarek-meski-giacomo-design-moderno-czarnyczarna-skora\/"},"modified":"2019-04-01T09:09:28","modified_gmt":"2019-04-01T09:09:28","slug":"moderno-gd03003","status":"publish","type":"product","link":"https:\/\/www.giacomo-design.com\/pl\/produkt\/moderno-gd03003\/","title":{"rendered":"Moderno GD03003"},"content":{"rendered":"","protected":false},"excerpt":{"rendered":"<p style=\"text-align: left\">Seria Moderno &#8211; styl na co dzie\u0144 dla prawdziwych m\u0119\u017cczyzn.<br \/>\nTen model Moderno posiada czarn\u0105 stalow\u0105 kopert\u0119 o matowej strukturze. Czarny\u00a0kolor tarczy i bia\u0142e indeksy doskonale komponuj\u0105 si\u0119 z czarnym sk\u00f3rzanym paskiem.<\/p>\n","protected":false},"featured_media":1423,"comment_status":"open","ping_status":"closed","template":"","meta":[],"class_list":["post-1463","product","type-product","status-publish","has-post-thumbnail","hentry","product_cat-chronograf","product_tag-codzienny","product_tag-matowy","product_tag-skora","pa_additionalfeatures-chronograf","pa_additionalfeatures-data-dzien-miesiaca","pa_additionalfeatures-fluorescencyjne-wskazowki","pa_casebackmaterial-stal-nierdzewna","pa_casematerial-stal-nierdzewna","pa_clasptype-klamra","pa_dialcolor-czarny","pa_glass-krysztal-mineralny","pa_movement-japonski-vr32","pa_strapcolor-czarny","pa_strapmaterial-skora-naturalna-pl","pa_warranty-2-lata","collection-moderno-pl","dial_color-czarny","strap_color-czarny","case_material-stal-nierdzewna","strap_material-skora"],"aioseo_notices":[],"post_mailing_queue_ids":[],"_links":{"self":[{"href":"https:\/\/www.giacomo-design.com\/pl\/wp-json\/wp\/v2\/product\/1463","targetHints":{"allow":["GET"]}}],"collection":[{"href":"https:\/\/www.giacomo-design.com\/pl\/wp-json\/wp\/v2\/product"}],"about":[{"href":"https:\/\/www.giacomo-design.com\/pl\/wp-json\/wp\/v2\/types\/product"}],"replies":[{"embeddable":true,"href":"https:\/\/www.giacomo-design.com\/pl\/wp-json\/wp\/v2\/comments?post=1463"}],"wp:featuredmedia":[{"embeddable":true,"href":"https:\/\/www.giacomo-design.com\/pl\/wp-json\/wp\/v2\/media\/1423"}],"wp:attachment":[{"href":"https:\/\/www.giacomo-design.com\/pl\/wp-json\/wp\/v2\/media?parent=1463"}],"curies":[{"name":"wp","href":"https:\/\/api.w.org\/{rel}","templated":true}]}}