{"id":1575,"date":"2017-03-07T10:57:20","date_gmt":"2017-03-07T10:57:20","guid":{"rendered":"https:\/\/www.giacomo-design.com\/product\/zegarek-meski-giacomo-design-moderno-niebieskiczarna-skora\/"},"modified":"2019-04-01T09:09:26","modified_gmt":"2019-04-01T09:09:26","slug":"moderno-gd03005","status":"publish","type":"product","link":"https:\/\/www.giacomo-design.com\/pl\/produkt\/moderno-gd03005\/","title":{"rendered":"Moderno GD03005"},"content":{"rendered":"","protected":false},"excerpt":{"rendered":"<p style=\"text-align: left;\">Seria Moderno &#8211; styl na co dzie\u0144 dla prawdziwych m\u0119\u017cczyzn.<br \/>\nTen model Moderno posiada srebrn\u0105 stalow\u0105 kopert\u0119 o matowej strukturze. Niebieski kolor tarczy i czarne indeksy doskonale komponuj\u0105 si\u0119 z czarnym sk\u00f3rzanym paskiem.<\/p>\n","protected":false},"featured_media":1535,"comment_status":"open","ping_status":"closed","template":"","meta":[],"class_list":["post-1575","product","type-product","status-publish","has-post-thumbnail","hentry","product_cat-chronograf","product_tag-codzienny","product_tag-matowy","product_tag-skora","product_tag-stal","pa_additionalfeatures-chronograf","pa_additionalfeatures-data-dzien-miesiaca","pa_additionalfeatures-fluorescencyjne-wskazowki","pa_casebackmaterial-stal-nierdzewna","pa_casematerial-stal-nierdzewna","pa_clasptype-klamra","pa_dialcolor-niebieski","pa_glass-krysztal-mineralny","pa_movement-japonski-vr32","pa_strapcolor-czarny","pa_strapmaterial-skora-naturalna-pl","pa_warranty-2-lata","collection-moderno-pl","dial_color-niebieski","strap_color-czarny","case_material-stal-nierdzewna","strap_material-skora"],"aioseo_notices":[],"post_mailing_queue_ids":[],"_links":{"self":[{"href":"https:\/\/www.giacomo-design.com\/pl\/wp-json\/wp\/v2\/product\/1575","targetHints":{"allow":["GET"]}}],"collection":[{"href":"https:\/\/www.giacomo-design.com\/pl\/wp-json\/wp\/v2\/product"}],"about":[{"href":"https:\/\/www.giacomo-design.com\/pl\/wp-json\/wp\/v2\/types\/product"}],"replies":[{"embeddable":true,"href":"https:\/\/www.giacomo-design.com\/pl\/wp-json\/wp\/v2\/comments?post=1575"}],"wp:featuredmedia":[{"embeddable":true,"href":"https:\/\/www.giacomo-design.com\/pl\/wp-json\/wp\/v2\/media\/1535"}],"wp:attachment":[{"href":"https:\/\/www.giacomo-design.com\/pl\/wp-json\/wp\/v2\/media?parent=1575"}],"curies":[{"name":"wp","href":"https:\/\/api.w.org\/{rel}","templated":true}]}}