{"id":1631,"date":"2017-03-07T11:18:06","date_gmt":"2017-03-07T11:18:06","guid":{"rendered":"https:\/\/www.giacomo-design.com\/product\/giacomo-design-trepuntato-czarnyczarna-skora\/"},"modified":"2019-04-01T09:09:25","modified_gmt":"2019-04-01T09:09:25","slug":"trepuntato-gd04001","status":"publish","type":"product","link":"https:\/\/www.giacomo-design.com\/pl\/produkt\/trepuntato-gd04001\/","title":{"rendered":"Trepuntato GD04001"},"content":{"rendered":"","protected":false},"excerpt":{"rendered":"<p style=\"text-align: left\">Seria Trepuntato \u2013 Idealny czas w zegarku!<br \/>\nTen model Trepuntato posiada srebrn\u0105 stalow\u0105 kopert\u0119 o matowej strukturze, wykonan\u0105 z du\u017c\u0105 dok\u0142adno\u015bci\u0105. Czarny kolor tarczy i fluorescencyjne indeksy doskonale komponuj\u0105 si\u0119 z czarnym sk\u00f3rzanym paskiem.<strong><br \/>\n<\/strong><\/p>\n","protected":false},"featured_media":1591,"comment_status":"open","ping_status":"closed","template":"","meta":[],"class_list":["post-1631","product","type-product","status-publish","has-post-thumbnail","hentry","product_cat-chronograf","product_tag-fluorescencyjny","product_tag-matowy","product_tag-skora","product_tag-stal","pa_additionalfeatures-chronograf","pa_additionalfeatures-data-dzien-miesiaca","pa_additionalfeatures-fluorescencyjne-wskazowki","pa_casebackmaterial-stal-nierdzewna","pa_casematerial-stal-nierdzewna","pa_clasptype-klamra","pa_dialcolor-czarny","pa_glass-krysztal-mineralny","pa_movement-japonski-vd53","pa_strapcolor-czarny","pa_strapmaterial-skora-naturalna-pl","pa_warranty-2-lata","collection-trepuntato-pl","dial_color-czarny","strap_color-czarny","case_material-stal-nierdzewna","strap_material-skora"],"aioseo_notices":[],"post_mailing_queue_ids":[],"_links":{"self":[{"href":"https:\/\/www.giacomo-design.com\/pl\/wp-json\/wp\/v2\/product\/1631","targetHints":{"allow":["GET"]}}],"collection":[{"href":"https:\/\/www.giacomo-design.com\/pl\/wp-json\/wp\/v2\/product"}],"about":[{"href":"https:\/\/www.giacomo-design.com\/pl\/wp-json\/wp\/v2\/types\/product"}],"replies":[{"embeddable":true,"href":"https:\/\/www.giacomo-design.com\/pl\/wp-json\/wp\/v2\/comments?post=1631"}],"wp:featuredmedia":[{"embeddable":true,"href":"https:\/\/www.giacomo-design.com\/pl\/wp-json\/wp\/v2\/media\/1591"}],"wp:attachment":[{"href":"https:\/\/www.giacomo-design.com\/pl\/wp-json\/wp\/v2\/media?parent=1631"}],"curies":[{"name":"wp","href":"https:\/\/api.w.org\/{rel}","templated":true}]}}