{"id":1911,"date":"2018-09-13T08:31:24","date_gmt":"2017-03-07T13:53:04","guid":{"rendered":"https:\/\/www.giacomo-design.com\/product\/zegarek-meski-giacomo-design-calendario-brazowybrazowa-skora\/"},"modified":"2019-04-01T09:08:18","modified_gmt":"2019-04-01T09:08:18","slug":"calendario-gd05001","status":"publish","type":"product","link":"https:\/\/www.giacomo-design.com\/pl\/produkt\/calendario-gd05001\/","title":{"rendered":"Calendario GD05001"},"content":{"rendered":"","protected":false},"excerpt":{"rendered":"<p style=\"text-align: left;\">Seria Calendario \u2013 z przejrzystym kalendarzem.<br \/>\nTen model Calendario posiada srebrn\u0105 stalow\u0105 kopert\u0119.Br\u0105zowy kolor tarczy i srebrne indeksy doskonale komponuj\u0105 si\u0119 z br\u0105zowym sk\u00f3rzanym paskiem. Ca\u0142o\u015b\u0107 dope\u0142nia przejrzysty kalendarz na tarczy.<strong><br \/>\n<\/strong><\/p>\n","protected":false},"featured_media":1867,"comment_status":"closed","ping_status":"closed","template":"","meta":[],"class_list":["post-1911","product","type-product","status-publish","has-post-thumbnail","hentry","product_cat-klasyczne","product_tag-kalendarz","product_tag-skora","product_tag-stal","pa_additionalfeatures-data-dzien-miesiaca","pa_casebackmaterial-stal-nierdzewna","pa_casematerial-stal-nierdzewna","pa_clasptype-klamra","pa_strapcolor-brazowy","pa_strapmaterial-skora-naturalna-pl","pa_warranty-2-lata","collection-calendario-pl","dial_color-brazowy","strap_color-brazowy","case_material-stal-nierdzewna","strap_material-skora"],"aioseo_notices":[],"post_mailing_queue_ids":[],"_links":{"self":[{"href":"https:\/\/www.giacomo-design.com\/pl\/wp-json\/wp\/v2\/product\/1911","targetHints":{"allow":["GET"]}}],"collection":[{"href":"https:\/\/www.giacomo-design.com\/pl\/wp-json\/wp\/v2\/product"}],"about":[{"href":"https:\/\/www.giacomo-design.com\/pl\/wp-json\/wp\/v2\/types\/product"}],"replies":[{"embeddable":true,"href":"https:\/\/www.giacomo-design.com\/pl\/wp-json\/wp\/v2\/comments?post=1911"}],"wp:featuredmedia":[{"embeddable":true,"href":"https:\/\/www.giacomo-design.com\/pl\/wp-json\/wp\/v2\/media\/1867"}],"wp:attachment":[{"href":"https:\/\/www.giacomo-design.com\/pl\/wp-json\/wp\/v2\/media?parent=1911"}],"curies":[{"name":"wp","href":"https:\/\/api.w.org\/{rel}","templated":true}]}}