{"id":2079,"date":"2017-03-07T14:43:33","date_gmt":"2017-03-07T14:43:33","guid":{"rendered":"https:\/\/www.giacomo-design.com\/product\/zegarek-meski-giacomo-design-grave-czarnyczarna-skora\/"},"modified":"2019-04-01T09:09:16","modified_gmt":"2019-04-01T09:09:16","slug":"grave-gd06001","status":"publish","type":"product","link":"https:\/\/www.giacomo-design.com\/pl\/produkt\/grave-gd06001\/","title":{"rendered":"Grave GD06001"},"content":{"rendered":"","protected":false},"excerpt":{"rendered":"<p style=\"text-align: left;\">Seria Grave.<br \/>\nTen model Grave posiada srebrn\u0105 stalow\u0105 kopert\u0119. Br\u0105zowy kolor tarczy i indeksy w srebrnym kolorze doskonale komponuj\u0105 si\u0119 z czarnym sk\u00f3rzanym paskiem. Zegarek posiada wodoszczelno\u015b\u0107 klasy 10ATM.<strong><br \/>\n<\/strong><\/p>\n","protected":false},"featured_media":2039,"comment_status":"open","ping_status":"closed","template":"","meta":[],"class_list":["post-2079","product","type-product","status-publish","has-post-thumbnail","hentry","product_cat-chronograf","product_tag-skora","product_tag-stal","product_tag-wysoka-wodoodpornosc","pa_additionalfeatures-data-dzien-miesiaca-i-tydzien","pa_casebackmaterial-stal-nierdzewna","pa_casematerial-stal-nierdzewna","pa_clasptype-klamra","pa_dialcolor-czarny","pa_glass-krysztal-mineralny","pa_movement-japonski-vx9j","pa_strapcolor-czarny","pa_strapmaterial-skora-naturalna-pl","pa_warranty-2-lata","collection-grave-pl","dial_color-czarny","strap_color-czarny","case_material-stal-nierdzewna","strap_material-skora"],"aioseo_notices":[],"post_mailing_queue_ids":[],"_links":{"self":[{"href":"https:\/\/www.giacomo-design.com\/pl\/wp-json\/wp\/v2\/product\/2079","targetHints":{"allow":["GET"]}}],"collection":[{"href":"https:\/\/www.giacomo-design.com\/pl\/wp-json\/wp\/v2\/product"}],"about":[{"href":"https:\/\/www.giacomo-design.com\/pl\/wp-json\/wp\/v2\/types\/product"}],"replies":[{"embeddable":true,"href":"https:\/\/www.giacomo-design.com\/pl\/wp-json\/wp\/v2\/comments?post=2079"}],"wp:featuredmedia":[{"embeddable":true,"href":"https:\/\/www.giacomo-design.com\/pl\/wp-json\/wp\/v2\/media\/2039"}],"wp:attachment":[{"href":"https:\/\/www.giacomo-design.com\/pl\/wp-json\/wp\/v2\/media?parent=2079"}],"curies":[{"name":"wp","href":"https:\/\/api.w.org\/{rel}","templated":true}]}}