{"id":2247,"date":"2017-03-07T15:42:32","date_gmt":"2017-03-07T15:42:32","guid":{"rendered":"https:\/\/www.giacomo-design.com\/product\/zegarek-giacomo-design-leggibile-czarnyczarna-skora\/"},"modified":"2019-04-01T09:09:13","modified_gmt":"2019-04-01T09:09:13","slug":"leggibile-gd07001","status":"publish","type":"product","link":"https:\/\/www.giacomo-design.com\/pl\/produkt\/leggibile-gd07001\/","title":{"rendered":"Leggibile GD07001"},"content":{"rendered":"","protected":false},"excerpt":{"rendered":"<p>Seria Leggibile \u2013 prostota elegancji.<br \/>\nTen model Leggibile posiada srebrn\u0105 stalow\u0105 kopert\u0119. Czarny kolor tarczy i srebrne indeksy doskonale komponuj\u0105 si\u0119 z czarnym sk\u00f3rzanym paskiem. Posiada r\u00f3wnie\u017c czytelne tarcze wskazuj\u0105ce dat\u0119.<strong><br \/>\n<\/strong><\/p>\n","protected":false},"featured_media":2207,"comment_status":"open","ping_status":"closed","template":"","meta":[],"class_list":["post-2247","product","type-product","status-publish","has-post-thumbnail","hentry","product_cat-chronograf","product_tag-datownik","product_tag-skora","product_tag-stal","pa_additionalfeatures-data-dzien-miesiaca-i-tydzien","pa_casebackmaterial-stal-nierdzewna","pa_casematerial-stal-nierdzewna","pa_clasptype-klamra","pa_dialcolor-czarny","pa_glass-krysztal-mineralny","pa_movement-japonski-vx9j","pa_strapcolor-czarny","pa_strapmaterial-skora-naturalna-pl","pa_warranty-2-lata","collection-leggibile-pl","dial_color-czarny","strap_color-czarny","case_material-stal-nierdzewna","strap_material-skora"],"aioseo_notices":[],"post_mailing_queue_ids":[],"_links":{"self":[{"href":"https:\/\/www.giacomo-design.com\/pl\/wp-json\/wp\/v2\/product\/2247","targetHints":{"allow":["GET"]}}],"collection":[{"href":"https:\/\/www.giacomo-design.com\/pl\/wp-json\/wp\/v2\/product"}],"about":[{"href":"https:\/\/www.giacomo-design.com\/pl\/wp-json\/wp\/v2\/types\/product"}],"replies":[{"embeddable":true,"href":"https:\/\/www.giacomo-design.com\/pl\/wp-json\/wp\/v2\/comments?post=2247"}],"wp:featuredmedia":[{"embeddable":true,"href":"https:\/\/www.giacomo-design.com\/pl\/wp-json\/wp\/v2\/media\/2207"}],"wp:attachment":[{"href":"https:\/\/www.giacomo-design.com\/pl\/wp-json\/wp\/v2\/media?parent=2247"}],"curies":[{"name":"wp","href":"https:\/\/api.w.org\/{rel}","templated":true}]}}