{"id":2359,"date":"2017-03-08T08:43:15","date_gmt":"2017-03-08T08:43:15","guid":{"rendered":"https:\/\/www.giacomo-design.com\/product\/zegarek-giacomo-design-leggibile-zielonybrazowa-skora\/"},"modified":"2019-04-01T09:09:11","modified_gmt":"2019-04-01T09:09:11","slug":"leggibile-gd07003","status":"publish","type":"product","link":"https:\/\/www.giacomo-design.com\/pl\/produkt\/leggibile-gd07003\/","title":{"rendered":"Leggibile GD07003"},"content":{"rendered":"","protected":false},"excerpt":{"rendered":"<p style=\"text-align: left;\">Seria Leggibile \u2013 prostota elegancji.<br \/>\nTen model Leggibile posiada z\u0142ot\u0105 stalow\u0105 kopert\u0119. Zielony kolor tarczy i z\u0142ote indeksy doskonale komponuj\u0105 si\u0119 z br\u0105zowym sk\u00f3rzanym paskiem. Posiada r\u00f3wnie\u017c czytelne tarcze wskazuj\u0105ce dat\u0119.<strong><br \/>\n<\/strong><\/p>\n","protected":false},"featured_media":2319,"comment_status":"open","ping_status":"closed","template":"","meta":[],"class_list":["post-2359","product","type-product","status-publish","has-post-thumbnail","hentry","product_cat-chronograf","product_tag-datownik","product_tag-skora","product_tag-stal","pa_additionalfeatures-data-dzien-miesiaca-i-tydzien","pa_casebackmaterial-stal-nierdzewna","pa_casematerial-stal-nierdzewna","pa_clasptype-klamra","pa_dialcolor-szary","pa_glass-krysztal-mineralny","pa_movement-japonski-vx9j","pa_strapcolor-brazowy","pa_strapmaterial-skora-naturalna-pl","pa_warranty-2-lata","collection-leggibile-pl","dial_color-szary","strap_color-brazowy","case_material-stal-nierdzewna","strap_material-skora"],"aioseo_notices":[],"post_mailing_queue_ids":[],"_links":{"self":[{"href":"https:\/\/www.giacomo-design.com\/pl\/wp-json\/wp\/v2\/product\/2359","targetHints":{"allow":["GET"]}}],"collection":[{"href":"https:\/\/www.giacomo-design.com\/pl\/wp-json\/wp\/v2\/product"}],"about":[{"href":"https:\/\/www.giacomo-design.com\/pl\/wp-json\/wp\/v2\/types\/product"}],"replies":[{"embeddable":true,"href":"https:\/\/www.giacomo-design.com\/pl\/wp-json\/wp\/v2\/comments?post=2359"}],"wp:featuredmedia":[{"embeddable":true,"href":"https:\/\/www.giacomo-design.com\/pl\/wp-json\/wp\/v2\/media\/2319"}],"wp:attachment":[{"href":"https:\/\/www.giacomo-design.com\/pl\/wp-json\/wp\/v2\/media?parent=2359"}],"curies":[{"name":"wp","href":"https:\/\/api.w.org\/{rel}","templated":true}]}}