{"id":2415,"date":"2017-03-08T09:13:33","date_gmt":"2017-03-08T09:13:33","guid":{"rendered":"https:\/\/www.giacomo-design.com\/product\/zegarek-giacomo-design-legno-sul-bar-drewno-bambusowe-brazowa-skora\/"},"modified":"2019-04-01T09:09:09","modified_gmt":"2019-04-01T09:09:09","slug":"legno-sul-bar-gd08001","status":"publish","type":"product","link":"https:\/\/www.giacomo-design.com\/pl\/produkt\/legno-sul-bar-gd08001\/","title":{"rendered":"Legno Sul Bar GD08001"},"content":{"rendered":"","protected":false},"excerpt":{"rendered":"<p>Ten model zegarka wykonany jest z bambusa, kt\u00f3ry ma \u00a0naturalnie s\u0142omkowy kolor, jest lekki, wytrzyma\u0142y i bardzo twardy. Pasek jest wykonany z mi\u0119kkiej sk\u00f3ry naturalnej co sprawi \u017ce b\u0119dzie on wygodny w noszeniu zar\u00f3wno dla m\u0119\u017cczyzn, jak i kobiet.<\/p>\n","protected":false},"featured_media":2375,"comment_status":"open","ping_status":"closed","template":"","meta":[],"class_list":["post-2415","product","type-product","status-publish","has-post-thumbnail","hentry","product_cat-meskie","product_cat-uncategorized-pl","product_tag-bardzo-twardy","product_tag-drewno","product_tag-skora","pa_additionalfeatures-super-lekki","pa_casebackmaterial-drewno-bambusowe","pa_casematerial-drewno-bambusowe","pa_clasptype-klamra","pa_dialcolor-drewno-naturalne","pa_glass-krysztal-mineralny","pa_movement-japonski-kwarcowy","pa_strapcolor-brazowy","pa_strapmaterial-skora-naturalna-pl","pa_warranty-2-lata","case_material-drewno","case_material-drewno-bambusowe","strap_material-skora"],"aioseo_notices":[],"post_mailing_queue_ids":[],"_links":{"self":[{"href":"https:\/\/www.giacomo-design.com\/pl\/wp-json\/wp\/v2\/product\/2415","targetHints":{"allow":["GET"]}}],"collection":[{"href":"https:\/\/www.giacomo-design.com\/pl\/wp-json\/wp\/v2\/product"}],"about":[{"href":"https:\/\/www.giacomo-design.com\/pl\/wp-json\/wp\/v2\/types\/product"}],"replies":[{"embeddable":true,"href":"https:\/\/www.giacomo-design.com\/pl\/wp-json\/wp\/v2\/comments?post=2415"}],"wp:featuredmedia":[{"embeddable":true,"href":"https:\/\/www.giacomo-design.com\/pl\/wp-json\/wp\/v2\/media\/2375"}],"wp:attachment":[{"href":"https:\/\/www.giacomo-design.com\/pl\/wp-json\/wp\/v2\/media?parent=2415"}],"curies":[{"name":"wp","href":"https:\/\/api.w.org\/{rel}","templated":true}]}}