{"id":2471,"date":"2018-09-13T08:31:30","date_gmt":"2017-03-08T09:45:47","guid":{"rendered":"https:\/\/www.giacomo-design.com\/product\/zegarek-giacomo-design-legno-sul-bar-drewno-zebrano-brazowa-skora\/"},"modified":"2019-04-01T09:08:17","modified_gmt":"2019-04-01T09:08:17","slug":"legno-sul-bar-gd08002","status":"publish","type":"product","link":"https:\/\/www.giacomo-design.com\/pl\/produkt\/legno-sul-bar-gd08002\/","title":{"rendered":"Legno Sul Bar GD08002"},"content":{"rendered":"","protected":false},"excerpt":{"rendered":"<p>W tym modelu designerskie po\u0142\u0105czenie drewna\u00a0Zebrano (ang. Zebrawood) z naturaln\u0105 sk\u00f3r\u0105 wygl\u0105da szykownie i niezwykle naturalnie. Ca\u0142o\u015b\u0107 utrzymana jest w br\u0105zie, wyj\u0105tkiem s\u0105 klasyczne czarne wskaz\u00f3wki. Pasek zapinany jest na klamerk\u0119.<\/p>\n","protected":false},"featured_media":2427,"comment_status":"closed","ping_status":"closed","template":"","meta":[],"class_list":["post-2471","product","type-product","status-publish","has-post-thumbnail","hentry","product_cat-drewniane-dla-mezczyzn","product_tag-drewno","product_tag-klasyczny","product_tag-skora","pa_additionalfeatures-super-lekki","pa_casebackmaterial-drewno-bambusowe","pa_casematerial-drewno-bambusowe","pa_clasptype-klamra","pa_dialcolor-drewno-zebrano","pa_glass-krysztal-mineralny","pa_movement-japonski-kwarcowy","pa_strapcolor-brazowy","pa_strapmaterial-skora-naturalna-pl","pa_warranty-2-lata","collection-legno-sul-bar-pl","dial_color-drewno","strap_color-brazowy","case_material-drewno","case_material-drewno-zebrano","strap_material-skora"],"aioseo_notices":[],"post_mailing_queue_ids":[],"_links":{"self":[{"href":"https:\/\/www.giacomo-design.com\/pl\/wp-json\/wp\/v2\/product\/2471","targetHints":{"allow":["GET"]}}],"collection":[{"href":"https:\/\/www.giacomo-design.com\/pl\/wp-json\/wp\/v2\/product"}],"about":[{"href":"https:\/\/www.giacomo-design.com\/pl\/wp-json\/wp\/v2\/types\/product"}],"replies":[{"embeddable":true,"href":"https:\/\/www.giacomo-design.com\/pl\/wp-json\/wp\/v2\/comments?post=2471"}],"wp:featuredmedia":[{"embeddable":true,"href":"https:\/\/www.giacomo-design.com\/pl\/wp-json\/wp\/v2\/media\/2427"}],"wp:attachment":[{"href":"https:\/\/www.giacomo-design.com\/pl\/wp-json\/wp\/v2\/media?parent=2471"}],"curies":[{"name":"wp","href":"https:\/\/api.w.org\/{rel}","templated":true}]}}