{"id":2639,"date":"2018-09-13T08:34:26","date_gmt":"2018-02-06T11:41:58","guid":{"rendered":"https:\/\/www.giacomo-design.com\/?post_type=product&#038;p=2639"},"modified":"2019-04-01T09:08:09","modified_gmt":"2019-04-01T09:08:09","slug":"legno-sul-bar-gd08005","status":"publish","type":"product","link":"https:\/\/www.giacomo-design.com\/pl\/produkt\/legno-sul-bar-gd08005\/","title":{"rendered":"Legno Sul Bar GD08005"},"content":{"rendered":"","protected":false},"excerpt":{"rendered":"<p>Seria Chiusa &#8211; czarny zegarek dla m\u0119\u017cczyzny w czerni! To zegarek dla m\u0119\u017cczyzn ceni\u0105cych klasyczny kszta\u0142t. Jest to po\u0142\u0105czenie dw\u00f3ch materia\u0142\u00f3w: drzewa sanda\u0142owego i naturalnej sk\u00f3ry. Oznacza to, \u017ce zegarek jest wyj\u0105tkowo wytrzyma\u0142y. Czarny pasek zapinany na sprz\u0105czki.<\/p>\n","protected":false},"featured_media":0,"comment_status":"closed","ping_status":"open","template":"","meta":[],"class_list":["post-2639","product","type-product","status-publish","hentry","product_cat-meskie","product_cat-uncategorized-pl","product_tag-drewno","product_tag-skora","product_tag-wytrzymaly","pa_additionalfeatures-super-lekki","pa_casebackmaterial-drewno-sandalowe","pa_casematerial-drewno-sandalowe","pa_clasptype-klamra","pa_dialcolor-drewno-naturalne","pa_glass-krysztal-mineralny","pa_movement-japonski-kwarcowy","pa_strapcolor-czarny","pa_strapmaterial-skora-naturalna-pl","pa_warranty-2-lata","dial_color-drewno","strap_color-czarny","case_material-drewno","case_material-drewno-sandalowe","strap_material-skora"],"aioseo_notices":[],"post_mailing_queue_ids":[],"_links":{"self":[{"href":"https:\/\/www.giacomo-design.com\/pl\/wp-json\/wp\/v2\/product\/2639","targetHints":{"allow":["GET"]}}],"collection":[{"href":"https:\/\/www.giacomo-design.com\/pl\/wp-json\/wp\/v2\/product"}],"about":[{"href":"https:\/\/www.giacomo-design.com\/pl\/wp-json\/wp\/v2\/types\/product"}],"replies":[{"embeddable":true,"href":"https:\/\/www.giacomo-design.com\/pl\/wp-json\/wp\/v2\/comments?post=2639"}],"wp:attachment":[{"href":"https:\/\/www.giacomo-design.com\/pl\/wp-json\/wp\/v2\/media?parent=2639"}],"curies":[{"name":"wp","href":"https:\/\/api.w.org\/{rel}","templated":true}]}}