{"id":2695,"date":"2017-04-14T11:46:03","date_gmt":"2017-04-14T11:46:03","guid":{"rendered":"https:\/\/www.giacomo-design.com\/product\/zegarek-giacomo-design-calendario-esteso-czarny-czerwone-drewno-sandalowe\/"},"modified":"2025-05-17T02:00:40","modified_gmt":"2025-05-17T02:00:40","slug":"calendario-esteso-gd08101","status":"publish","type":"product","link":"https:\/\/www.giacomo-design.com\/pl\/produkt\/calendario-esteso-gd08101\/","title":{"rendered":"Drewniany zegarek m\u0119ski Calendario Esteso GD08101"},"content":{"rendered":"","protected":false},"excerpt":{"rendered":"<p><span lang=\"en-us\" xml:lang=\"en-us\">To zegarek dla odwa\u017cnych m\u0119\u017cczyzn!\u00a0Kombinacja dw\u00f3ch kolor\u00f3w i dw\u00f3ch rodzaj\u00f3w drewna. Jego wygl\u0105d utrzymany jest w tonacji czerni i czerwieni. Atutem i dodatkow\u0105 funkcj\u0105 zegarka jest mo\u017cliwo\u015b\u0107 ustawiania daty. Stworzony w strukturze 3D.\u00a0<\/span><\/p>\n","protected":false},"featured_media":2655,"comment_status":"open","ping_status":"closed","template":"","meta":[],"class_list":["post-2695","product","type-product","status-publish","has-post-thumbnail","hentry","product_cat-drewniane-dla-mezczyzn","product_tag-datownik","product_tag-drewno","product_tag-struktura-3d","pa_additionalfeatures-data-dzien-miesiaca-i-tydzien","pa_additionalfeatures-tarcza-ze-struktura-3d","pa_casebackmaterial-czarne-drewno-sandalowe-pl","pa_casematerial-czarne-drewno-sandalowe","pa_casematerial-czerwone-drewno-sandalowe","pa_casematerial-drewno-hebanowe","pa_clasptype-zatrzask","pa_dialcolor-czarne-drewno-sandalowe","pa_dialcolor-czerwone-drewno-sandalowe","pa_glass-krysztal-mineralny","pa_movement-japonski-kwarcowy","pa_strapcolor-czerwone-drewno-sandalowe","pa_strapcolor-drewno-hebanowe","pa_strapmaterial-czerwone-drewno-sandalowe","pa_strapmaterial-drewno-hebanowe","pa_warranty-2-lata","collection-calendario-esteso-pl","dial_color-czarne-drewno-sandalowe","dial_color-czerwone-drewno-sandalowe","dial_color-drewno","strap_color-drewno","case_material-czerwone-drewno-sandalowe","case_material-drewno","case_material-drewno-hebanowe","strap_material-drewno"],"aioseo_notices":[],"post_mailing_queue_ids":[],"_links":{"self":[{"href":"https:\/\/www.giacomo-design.com\/pl\/wp-json\/wp\/v2\/product\/2695","targetHints":{"allow":["GET"]}}],"collection":[{"href":"https:\/\/www.giacomo-design.com\/pl\/wp-json\/wp\/v2\/product"}],"about":[{"href":"https:\/\/www.giacomo-design.com\/pl\/wp-json\/wp\/v2\/types\/product"}],"replies":[{"embeddable":true,"href":"https:\/\/www.giacomo-design.com\/pl\/wp-json\/wp\/v2\/comments?post=2695"}],"wp:featuredmedia":[{"embeddable":true,"href":"https:\/\/www.giacomo-design.com\/pl\/wp-json\/wp\/v2\/media\/2655"}],"wp:attachment":[{"href":"https:\/\/www.giacomo-design.com\/pl\/wp-json\/wp\/v2\/media?parent=2695"}],"curies":[{"name":"wp","href":"https:\/\/api.w.org\/{rel}","templated":true}]}}