{"id":2863,"date":"2017-04-14T15:57:01","date_gmt":"2017-04-14T15:57:01","guid":{"rendered":"https:\/\/www.giacomo-design.com\/product\/zegarek-giacomo-design-bellezza-semplice-czarny-drewno-hebanowe-zebrano\/"},"modified":"2025-05-12T14:04:07","modified_gmt":"2025-05-12T14:04:07","slug":"bellezza-semplice-gd08301","status":"publish","type":"product","link":"https:\/\/www.giacomo-design.com\/pl\/produkt\/bellezza-semplice-gd08301\/","title":{"rendered":"Zegarek drewniany Bellezza Semplice GD08301"},"content":{"rendered":"","protected":false},"excerpt":{"rendered":"<p>Unikatowa kombinacja dw\u00f3ch rodzaj\u00f3w drewna: hebanu i zebrano. To styl sam w sobie. To po\u0142\u0105czenie kolor\u00f3w Dominuje czer\u0144 i br\u0105z, ale na tarczy dodano tak\u017ce subtelne bia\u0142e akcenty. Zegarek wyposa\u017cony jest w japo\u0144ski mechanizm kwarcowy.<\/p>\n","protected":false},"featured_media":2823,"comment_status":"open","ping_status":"closed","template":"","meta":[],"class_list":["post-2863","product","type-product","status-publish","has-post-thumbnail","hentry","product_cat-drewniane-dla-mezczyzn","product_tag-drewno","product_tag-stylowy-pl","pa_additionalfeatures-super-lekki","pa_casebackmaterial-drewno-hebanowe","pa_casematerial-drewno-hebanowe","pa_casematerial-drewno-zebrano","pa_clasptype-zatrzask","pa_dialcolor-czarne-drewno-sandalowe","pa_glass-krysztal-mineralny","pa_movement-japonski-kwarcowy","pa_strapcolor-drewno-hebanowe","pa_strapcolor-drewno-zebrano","pa_strapmaterial-drewno-hebanowe","pa_strapmaterial-drewno-zebrano","pa_warranty-2-lata","collection-bellezza-semplice-pl","dial_color-czarne-drewno-sandalowe","dial_color-drewno","strap_color-drewno","case_material-drewno","case_material-drewno-hebanowe","case_material-drewno-zebrano","strap_material-drewno"],"aioseo_notices":[],"post_mailing_queue_ids":[],"_links":{"self":[{"href":"https:\/\/www.giacomo-design.com\/pl\/wp-json\/wp\/v2\/product\/2863","targetHints":{"allow":["GET"]}}],"collection":[{"href":"https:\/\/www.giacomo-design.com\/pl\/wp-json\/wp\/v2\/product"}],"about":[{"href":"https:\/\/www.giacomo-design.com\/pl\/wp-json\/wp\/v2\/types\/product"}],"replies":[{"embeddable":true,"href":"https:\/\/www.giacomo-design.com\/pl\/wp-json\/wp\/v2\/comments?post=2863"}],"wp:featuredmedia":[{"embeddable":true,"href":"https:\/\/www.giacomo-design.com\/pl\/wp-json\/wp\/v2\/media\/2823"}],"wp:attachment":[{"href":"https:\/\/www.giacomo-design.com\/pl\/wp-json\/wp\/v2\/media?parent=2863"}],"curies":[{"name":"wp","href":"https:\/\/api.w.org\/{rel}","templated":true}]}}