{"id":2919,"date":"2017-04-18T08:41:10","date_gmt":"2017-04-18T08:41:10","guid":{"rendered":"https:\/\/www.giacomo-design.com\/product\/zegarek-giacomo-design-bellezza-semplice-czarny-drewo-hebanowe-orzechowe\/"},"modified":"2025-05-12T14:04:25","modified_gmt":"2025-05-12T14:04:25","slug":"bellezza-semplice-gd08302","status":"publish","type":"product","link":"https:\/\/www.giacomo-design.com\/pl\/produkt\/bellezza-semplice-gd08302\/","title":{"rendered":"Zegarek drewniany Bellezza Semplice GD08302"},"content":{"rendered":"","protected":false},"excerpt":{"rendered":"<p>To zegarek idealny na co dzie\u0144 ale te\u017c sprawdzi si\u0119 w tak zwanej sportowej elegancji. Kolorystyka utrzymana jest w modnych odcieniach czerni i br\u0105zu. Po drewnie orzechowym mo\u017cemy spodziewa\u0107 si\u0119 niezwyk\u0142ej wytrzyma\u0142o\u015bci.<\/p>\n","protected":false},"featured_media":2879,"comment_status":"open","ping_status":"closed","template":"","meta":[],"class_list":["post-2919","product","type-product","status-publish","has-post-thumbnail","hentry","product_cat-drewniane-dla-mezczyzn","product_tag-drewno","product_tag-elegancki","product_tag-wytrzymaly","pa_additionalfeatures-super-lekki","pa_casebackmaterial-drewno-hebanowe","pa_casematerial-drewno-hebanowe","pa_casematerial-drewno-orzechowe","pa_clasptype-zatrzask","pa_dialcolor-czarne-drewno-sandalowe","pa_glass-krysztal-mineralny","pa_movement-japonski-kwarcowy","pa_strapcolor-drewno-hebanowe","pa_strapcolor-drewno-orzechowe","pa_strapmaterial-drewno-hebanowe","pa_strapmaterial-drewno-orzechowe","pa_warranty-2-lata","collection-bellezza-semplice-pl","dial_color-czarne-drewno-sandalowe","dial_color-drewno","strap_color-drewno","case_material-drewno","case_material-drewno-hebanowe","case_material-drewno-orzechowe","strap_material-drewno"],"aioseo_notices":[],"post_mailing_queue_ids":[],"_links":{"self":[{"href":"https:\/\/www.giacomo-design.com\/pl\/wp-json\/wp\/v2\/product\/2919","targetHints":{"allow":["GET"]}}],"collection":[{"href":"https:\/\/www.giacomo-design.com\/pl\/wp-json\/wp\/v2\/product"}],"about":[{"href":"https:\/\/www.giacomo-design.com\/pl\/wp-json\/wp\/v2\/types\/product"}],"replies":[{"embeddable":true,"href":"https:\/\/www.giacomo-design.com\/pl\/wp-json\/wp\/v2\/comments?post=2919"}],"wp:featuredmedia":[{"embeddable":true,"href":"https:\/\/www.giacomo-design.com\/pl\/wp-json\/wp\/v2\/media\/2879"}],"wp:attachment":[{"href":"https:\/\/www.giacomo-design.com\/pl\/wp-json\/wp\/v2\/media?parent=2919"}],"curies":[{"name":"wp","href":"https:\/\/api.w.org\/{rel}","templated":true}]}}