{"id":2975,"date":"2017-04-18T08:45:07","date_gmt":"2017-04-18T08:45:07","guid":{"rendered":"https:\/\/www.giacomo-design.com\/product\/zegarek-damski-giacomo-design-eccezionali-quattro-drewno-bambusowe\/"},"modified":"2023-02-07T20:21:21","modified_gmt":"2023-02-07T20:21:21","slug":"eccezionali-quattro-gd08401","status":"publish","type":"product","link":"https:\/\/www.giacomo-design.com\/pl\/produkt\/eccezionali-quattro-gd08401\/","title":{"rendered":"Damski zegarek drewniany Eccezionali Quattro GD08401"},"content":{"rendered":"","protected":false},"excerpt":{"rendered":"<p><span lang=\"en-us\" xml:lang=\"en-us\">Niezwyk\u0142y zegarek dla kobiet pewnych siebie. Zrobiony z drewna bambusowego, jest trwa\u0142y i odporny. Po prawej stronie wyrze\u017abiono designersk\u0105 &#8222;czw\u00f3rk\u0119&#8221;. Po\u0142\u0105czono tu be\u017c z br\u0105zem. Dodaje to stylu i elegancji.\u00a0<\/span><\/p>\n","protected":false},"featured_media":2935,"comment_status":"open","ping_status":"closed","template":"","meta":[],"class_list":["post-2975","product","type-product","status-publish","has-post-thumbnail","hentry","product_cat-drewniane-dla-kobiet","product_cat-damskie","product_tag-drewno","product_tag-elegancki","product_tag-stylowy","pa_additionalfeatures-numer-4-zrobiony-jest-z-drewna-bambusowego","pa_additionalfeatures-super-lekki","pa_casebackmaterial-drewno-bambusowe","pa_casematerial-drewno-bambusowe","pa_clasptype-zatrzask","pa_dialcolor-bialy-dab","pa_glass-krysztal-mineralny","pa_movement-japonski-kwarcowy","pa_strapcolor-drewno-bambusowe","pa_strapmaterial-drewno-bambusowe","pa_warranty-2-lata","collection-eccezionali-quattro-pl","dial_color-biala-debina","dial_color-drewno","strap_color-drewno","case_material-drewno","case_material-drewno-bambusowe","strap_material-drewno"],"aioseo_notices":[],"post_mailing_queue_ids":[],"_links":{"self":[{"href":"https:\/\/www.giacomo-design.com\/pl\/wp-json\/wp\/v2\/product\/2975","targetHints":{"allow":["GET"]}}],"collection":[{"href":"https:\/\/www.giacomo-design.com\/pl\/wp-json\/wp\/v2\/product"}],"about":[{"href":"https:\/\/www.giacomo-design.com\/pl\/wp-json\/wp\/v2\/types\/product"}],"replies":[{"embeddable":true,"href":"https:\/\/www.giacomo-design.com\/pl\/wp-json\/wp\/v2\/comments?post=2975"}],"wp:featuredmedia":[{"embeddable":true,"href":"https:\/\/www.giacomo-design.com\/pl\/wp-json\/wp\/v2\/media\/2935"}],"wp:attachment":[{"href":"https:\/\/www.giacomo-design.com\/pl\/wp-json\/wp\/v2\/media?parent=2975"}],"curies":[{"name":"wp","href":"https:\/\/api.w.org\/{rel}","templated":true}]}}