{"id":3031,"date":"2018-09-13T08:31:36","date_gmt":"2017-04-18T08:55:08","guid":{"rendered":"https:\/\/www.giacomo-design.com\/product\/zegarek-damski-giacomo-design-eccezionali-quattro-szary-drewno-klonowe\/"},"modified":"2018-12-12T15:59:47","modified_gmt":"2018-12-12T15:59:47","slug":"eccezionali-quattro-gd08402","status":"publish","type":"product","link":"https:\/\/www.giacomo-design.com\/pl\/produkt\/eccezionali-quattro-gd08402\/","title":{"rendered":"Damski zegarek drewniany Eccezionali Quattro GD08402"},"content":{"rendered":"","protected":false},"excerpt":{"rendered":"<p>Najmodniejsze teraz po\u0142\u0105czenie koloru drewna i szaro\u015bci. Zegarek jest trwa\u0142y i wytrzyma\u0142y poniewa\u017c zrobiono go z drewna klonowego. Liczba &#8222;cztery&#8221; wyrze\u017abiona na jego tarczy to kolejny stylowy element. Zegarek jest przyjemnie lekki.<\/p>\n","protected":false},"featured_media":2987,"comment_status":"open","ping_status":"closed","template":"","meta":[],"class_list":["post-3031","product","type-product","status-publish","has-post-thumbnail","hentry","product_cat-drewniane-dla-kobiet","product_cat-damskie","product_tag-drewno","product_tag-lekki","product_tag-twardy","pa_additionalfeatures-super-lekki","pa_casebackmaterial-drewno-klonowe","pa_casematerial-drewno-klonowe","pa_clasptype-zatrzask","pa_dialcolor-szary","pa_glass-krysztal-mineralny","pa_movement-japonski-kwarcowy","pa_strapcolor-drewno-klonowe","pa_strapmaterial-drewno-klonowe","pa_warranty-2-lata","collection-eccezionali-quattro-pl","dial_color-szary","strap_color-drewno","case_material-drewno","case_material-drewno-klonowe","strap_material-drewno"],"aioseo_notices":[],"post_mailing_queue_ids":[],"_links":{"self":[{"href":"https:\/\/www.giacomo-design.com\/pl\/wp-json\/wp\/v2\/product\/3031","targetHints":{"allow":["GET"]}}],"collection":[{"href":"https:\/\/www.giacomo-design.com\/pl\/wp-json\/wp\/v2\/product"}],"about":[{"href":"https:\/\/www.giacomo-design.com\/pl\/wp-json\/wp\/v2\/types\/product"}],"replies":[{"embeddable":true,"href":"https:\/\/www.giacomo-design.com\/pl\/wp-json\/wp\/v2\/comments?post=3031"}],"wp:featuredmedia":[{"embeddable":true,"href":"https:\/\/www.giacomo-design.com\/pl\/wp-json\/wp\/v2\/media\/2987"}],"wp:attachment":[{"href":"https:\/\/www.giacomo-design.com\/pl\/wp-json\/wp\/v2\/media?parent=3031"}],"curies":[{"name":"wp","href":"https:\/\/api.w.org\/{rel}","templated":true}]}}