{"id":3087,"date":"2017-04-18T09:02:34","date_gmt":"2017-04-18T09:02:34","guid":{"rendered":"https:\/\/www.giacomo-design.com\/product\/zegarek-meski-giacomo-design-quadarto-maschio-czarny-drewno-sandalowe\/"},"modified":"2025-05-12T14:05:36","modified_gmt":"2025-05-12T14:05:36","slug":"quadarto-maschio-gd08501","status":"publish","type":"product","link":"https:\/\/www.giacomo-design.com\/pl\/produkt\/quadarto-maschio-gd08501\/","title":{"rendered":"Zegarek drewniany m\u0119ski Quadarto maschio GD08501"},"content":{"rendered":"","protected":false},"excerpt":{"rendered":"<p><span lang=\"en\" xml:lang=\"en\">To z pewno\u015bci\u0105 m\u0119ska rzecz! Zegarek ma oryginalny kszta\u0142t a to sprawia, \u017ce jest niezwykle atrakcyjny. Kiedy go za\u0142o\u017cysz wszyscy go zauwa\u017c\u0105, ma 52 mm szeroko\u015bci! Mamy tu zawsze modne po\u0142\u0105czenie koloru ciemnego drewna sanda\u0142owego z czerni\u0105.\u00a0<\/span><\/p>\n","protected":false},"featured_media":3047,"comment_status":"open","ping_status":"closed","template":"","meta":[],"class_list":["post-3087","product","type-product","status-publish","has-post-thumbnail","hentry","product_cat-drewniane-dla-mezczyzn","product_tag-drewno","product_tag-modny","product_tag-szeroki","pa_additionalfeatures-data-dzien-miesiaca","pa_additionalfeatures-super-lekki","pa_additionalfeatures-tarcza-ze-struktura-3d","pa_casebackmaterial-czarne-drewno-sandalowe-pl","pa_casediameter-44-mm-szerokosci-52-mm-wysokosci","pa_casematerial-czarne-drewno-sandalowe","pa_clasptype-zatrzask","pa_dialcolor-czarny","pa_glass-krysztal-mineralny","pa_movement-japonski-kwarcowy","pa_strapcolor-czarne-drewno-sandalowe","pa_strapmaterial-czarne-drewno-sandalowe-pl","pa_warranty-2-lata","collection-quadrato-maschio-pl","dial_color-czarny","strap_color-drewno","case_material-czarne-drewno-sandalowe","case_material-drewno","strap_material-drewno"],"aioseo_notices":[],"post_mailing_queue_ids":[],"_links":{"self":[{"href":"https:\/\/www.giacomo-design.com\/pl\/wp-json\/wp\/v2\/product\/3087","targetHints":{"allow":["GET"]}}],"collection":[{"href":"https:\/\/www.giacomo-design.com\/pl\/wp-json\/wp\/v2\/product"}],"about":[{"href":"https:\/\/www.giacomo-design.com\/pl\/wp-json\/wp\/v2\/types\/product"}],"replies":[{"embeddable":true,"href":"https:\/\/www.giacomo-design.com\/pl\/wp-json\/wp\/v2\/comments?post=3087"}],"wp:featuredmedia":[{"embeddable":true,"href":"https:\/\/www.giacomo-design.com\/pl\/wp-json\/wp\/v2\/media\/3047"}],"wp:attachment":[{"href":"https:\/\/www.giacomo-design.com\/pl\/wp-json\/wp\/v2\/media?parent=3087"}],"curies":[{"name":"wp","href":"https:\/\/api.w.org\/{rel}","templated":true}]}}