{"id":3192,"date":"2017-04-18T13:14:04","date_gmt":"2017-04-18T13:14:04","guid":{"rendered":"https:\/\/www.giacomo-design.com\/product\/zegarek-giacomo-design-orologio-massiccio-czarny-drewno-wenge\/"},"modified":"2019-04-02T09:06:16","modified_gmt":"2019-04-02T09:06:16","slug":"orologio-massiccio-gd08601","status":"publish","type":"product","link":"https:\/\/www.giacomo-design.com\/pl\/produkt\/orologio-massiccio-gd08601\/","title":{"rendered":"Drewniany zegarek m\u0119ski Orologio Massiccio GD08601"},"content":{"rendered":"","protected":false},"excerpt":{"rendered":"<p>To klasyczny design ale doskonale pasuje do sportowej elegancji. Mamy tu modny kolor czarnego drewna sanda\u0142owego i odrobin\u0119 czerwieni w ma\u0142ej wskaz\u00f3wce. Zegarek jest do\u015b\u0107 szeroki, ma 45 mm. Wykonany z tropikalnego drewna wenge.<\/p>\n","protected":false},"featured_media":3159,"comment_status":"open","ping_status":"closed","template":"","meta":[],"class_list":["post-3192","product","type-product","status-publish","has-post-thumbnail","hentry","product_cat-drewniane-dla-mezczyzn","product_tag-drewno","product_tag-elegancki","product_tag-szeroki-pl","pa_additionalfeatures-super-lekki","pa_casebackmaterial-drewno-wenge-pl","pa_casematerial-drewno-wenge","pa_clasptype-zatrzask","pa_dialcolor-czarne-drewno-sandalowe","pa_glass-krysztal-mineralny","pa_movement-japonski-kwarcowy","pa_strapcolor-drewno-wenge","pa_strapmaterial-drewno-wenge-pl","pa_warranty-2-lata","collection-orologio-massiccio-pl","dial_color-czarne-drewno-sandalowe","dial_color-drewno","strap_color-drewno","case_material-drewno","case_material-drewno-wenge","strap_material-drewno"],"aioseo_notices":[],"post_mailing_queue_ids":[],"_links":{"self":[{"href":"https:\/\/www.giacomo-design.com\/pl\/wp-json\/wp\/v2\/product\/3192","targetHints":{"allow":["GET"]}}],"collection":[{"href":"https:\/\/www.giacomo-design.com\/pl\/wp-json\/wp\/v2\/product"}],"about":[{"href":"https:\/\/www.giacomo-design.com\/pl\/wp-json\/wp\/v2\/types\/product"}],"replies":[{"embeddable":true,"href":"https:\/\/www.giacomo-design.com\/pl\/wp-json\/wp\/v2\/comments?post=3192"}],"wp:featuredmedia":[{"embeddable":true,"href":"https:\/\/www.giacomo-design.com\/pl\/wp-json\/wp\/v2\/media\/3159"}],"wp:attachment":[{"href":"https:\/\/www.giacomo-design.com\/pl\/wp-json\/wp\/v2\/media?parent=3192"}],"curies":[{"name":"wp","href":"https:\/\/api.w.org\/{rel}","templated":true}]}}