{"id":3248,"date":"2017-04-20T13:53:52","date_gmt":"2017-04-20T13:53:52","guid":{"rendered":"https:\/\/www.giacomo-design.com\/product\/zegarek-damski-giacomo-design-eleganza-semplice-rozowy-drewno-amarantowe\/"},"modified":"2019-04-01T09:08:57","modified_gmt":"2019-04-01T09:08:57","slug":"eleganza-semplice-gd08202","status":"publish","type":"product","link":"https:\/\/www.giacomo-design.com\/pl\/produkt\/eleganza-semplice-gd08202\/","title":{"rendered":"Drewniany zegarek damski Eleganza Semplice GD08202"},"content":{"rendered":"","protected":false},"excerpt":{"rendered":"<p><span lang=\"en-us\" xml:lang=\"en-us\">Ten model to dow\u00f3d na to \u017ce r\u00f3\u017c mo\u017ce dodawa\u0107 stylu i elegancji!. Zegarek zrobiony z drewna amarantowego, niezwykle trwa\u0142ego.\u00a0Jego g\u0142\u00f3wn\u0105 cech\u0105 jest niezwyk\u0142e us\u0142ojenie. Z\u0142ote elementy dodaj\u0105 mu szyku. Szeroko\u015b\u0107 paska to 18mm.\u00a0<\/span><\/p>\n","protected":false},"featured_media":3208,"comment_status":"open","ping_status":"closed","template":"","meta":[],"class_list":["post-3248","product","type-product","status-publish","has-post-thumbnail","hentry","product_cat-drewniane-dla-kobiet","product_cat-damskie","product_tag-drewno","product_tag-elegancki","product_tag-niezwykly","pa_additionalfeatures-super-lekki","pa_casebackmaterial-drewno-amarant","pa_casematerial-drewno-amarantowe","pa_clasptype-zatrzask","pa_dialcolor-rozowy","pa_glass-krysztal-mineralny","pa_movement-japonski-kwarcowy","pa_strapcolor-drewno-amarantowe","pa_strapmaterial-drewno-amarantowe","pa_warranty-2-lata","collection-eleganza-semplice-pl","dial_color-rozowy","strap_color-drewno","case_material-drewno","case_material-drewno-amarantowe","strap_material-drewno"],"aioseo_notices":[],"post_mailing_queue_ids":[],"_links":{"self":[{"href":"https:\/\/www.giacomo-design.com\/pl\/wp-json\/wp\/v2\/product\/3248","targetHints":{"allow":["GET"]}}],"collection":[{"href":"https:\/\/www.giacomo-design.com\/pl\/wp-json\/wp\/v2\/product"}],"about":[{"href":"https:\/\/www.giacomo-design.com\/pl\/wp-json\/wp\/v2\/types\/product"}],"replies":[{"embeddable":true,"href":"https:\/\/www.giacomo-design.com\/pl\/wp-json\/wp\/v2\/comments?post=3248"}],"wp:featuredmedia":[{"embeddable":true,"href":"https:\/\/www.giacomo-design.com\/pl\/wp-json\/wp\/v2\/media\/3208"}],"wp:attachment":[{"href":"https:\/\/www.giacomo-design.com\/pl\/wp-json\/wp\/v2\/media?parent=3248"}],"curies":[{"name":"wp","href":"https:\/\/api.w.org\/{rel}","templated":true}]}}