{"id":3304,"date":"2017-04-20T14:37:27","date_gmt":"2017-04-20T14:37:27","guid":{"rendered":"https:\/\/www.giacomo-design.com\/product\/zegarek-meski-giacomo-design-quattro-coraggiosi-czarny-drewno-sandalowe-4\/"},"modified":"2024-03-14T02:34:37","modified_gmt":"2024-03-14T02:34:37","slug":"quattro-coraggiosi-gd08701","status":"publish","type":"product","link":"https:\/\/www.giacomo-design.com\/pl\/produkt\/quattro-coraggiosi-gd08701\/","title":{"rendered":"Drewniany zegarek dla m\u0119\u017cczyzn Quattro Coraggiosi GD08701"},"content":{"rendered":"","protected":false},"excerpt":{"rendered":"<p>Ten model sw\u00f3j designerski wygl\u0105d zawdzi\u0119cza liczbie &#8222;cztery&#8221; wyrze\u017abionej po prawej stronie tarczy. Zegarek utrzymany jest w kolorze, pasuj\u0105cej do wszystkiego, czerni i bieli. Utrzymany w strukturze 3D. Zrobiony z czarnego drewna sanda\u0142owego.<\/p>\n","protected":false},"featured_media":3264,"comment_status":"open","ping_status":"closed","template":"","meta":[],"class_list":["post-3304","product","type-product","status-publish","has-post-thumbnail","hentry","product_cat-drewniane-dla-mezczyzn","product_tag-drewno","product_tag-struktura-3d","pa_additionalfeatures-super-lekki","pa_additionalfeatures-tarcza-ze-struktura-3d","pa_casebackmaterial-czarne-drewno-sandalowe-pl","pa_casematerial-czarne-drewno-sandalowe","pa_clasptype-klamra","pa_dialcolor-czarny","pa_glass-krysztal-mineralny","pa_movement-japonski-kwarcowy","pa_strapcolor-czarne-drewno-sandalowe","pa_strapmaterial-czarne-drewno-sandalowe-pl","pa_warranty-2-lata","collection-quattro-coraggiosi-pl","dial_color-czarny","strap_color-drewno","case_material-czarne-drewno-sandalowe","case_material-drewno","strap_material-drewno"],"aioseo_notices":[],"post_mailing_queue_ids":[],"_links":{"self":[{"href":"https:\/\/www.giacomo-design.com\/pl\/wp-json\/wp\/v2\/product\/3304","targetHints":{"allow":["GET"]}}],"collection":[{"href":"https:\/\/www.giacomo-design.com\/pl\/wp-json\/wp\/v2\/product"}],"about":[{"href":"https:\/\/www.giacomo-design.com\/pl\/wp-json\/wp\/v2\/types\/product"}],"replies":[{"embeddable":true,"href":"https:\/\/www.giacomo-design.com\/pl\/wp-json\/wp\/v2\/comments?post=3304"}],"wp:featuredmedia":[{"embeddable":true,"href":"https:\/\/www.giacomo-design.com\/pl\/wp-json\/wp\/v2\/media\/3264"}],"wp:attachment":[{"href":"https:\/\/www.giacomo-design.com\/pl\/wp-json\/wp\/v2\/media?parent=3304"}],"curies":[{"name":"wp","href":"https:\/\/api.w.org\/{rel}","templated":true}]}}