{"id":3353,"date":"2018-09-13T08:34:02","date_gmt":"2017-04-20T14:40:03","guid":{"rendered":"https:\/\/www.giacomo-design.com\/product\/zegarek-meski-giacomo-design-quattro-coraggiosi-drewno-wenge-4\/"},"modified":"2019-04-01T09:08:10","modified_gmt":"2019-04-01T09:08:10","slug":"quattro-coraggiosi-gd08702","status":"publish","type":"product","link":"https:\/\/www.giacomo-design.com\/pl\/produkt\/quattro-coraggiosi-gd08702\/","title":{"rendered":"Drewniany zegarek dla m\u0119\u017cczyzn Quattro Coraggiosi GD08702"},"content":{"rendered":"","protected":false},"excerpt":{"rendered":"<p><span lang=\"en-us\" xml:lang=\"en-us\">To jeden z tych modeli kt\u00f3rym trudno si\u0119 oprze\u0107. Jego atuty to oryginalna kolorystyka, liczba &#8222;cztery&#8221; wyrze\u017abiona po prawej stronie tarczy i precyzyjne wykonanie. Zrobiony z drewna wenge. Urzymany w strukturze 3D.<br \/>\n<\/span><\/p>\n","protected":false},"featured_media":3316,"comment_status":"closed","ping_status":"closed","template":"","meta":[],"class_list":["post-3353","product","type-product","status-publish","has-post-thumbnail","hentry","product_cat-drewniane-dla-mezczyzn","product_tag-drewno","product_tag-struktura-3d","pa_additionalfeatures-super-lekki","pa_casebackmaterial-drewno-wenge-pl","pa_casematerial-drewno-wenge","pa_clasptype-zatrzask","pa_dialcolor-drewno-naturalne","pa_glass-krysztal-mineralny","pa_movement-japonski-kwarcowy","pa_strapmaterial-drewno-wenge-pl","pa_warranty-2-lata","collection-quattro-coraggiosi-pl","dial_color-drewno","strap_color-drewno","case_material-drewno","case_material-drewno-wenge","strap_material-drewno"],"aioseo_notices":[],"post_mailing_queue_ids":[],"_links":{"self":[{"href":"https:\/\/www.giacomo-design.com\/pl\/wp-json\/wp\/v2\/product\/3353","targetHints":{"allow":["GET"]}}],"collection":[{"href":"https:\/\/www.giacomo-design.com\/pl\/wp-json\/wp\/v2\/product"}],"about":[{"href":"https:\/\/www.giacomo-design.com\/pl\/wp-json\/wp\/v2\/types\/product"}],"replies":[{"embeddable":true,"href":"https:\/\/www.giacomo-design.com\/pl\/wp-json\/wp\/v2\/comments?post=3353"}],"wp:featuredmedia":[{"embeddable":true,"href":"https:\/\/www.giacomo-design.com\/pl\/wp-json\/wp\/v2\/media\/3316"}],"wp:attachment":[{"href":"https:\/\/www.giacomo-design.com\/pl\/wp-json\/wp\/v2\/media?parent=3353"}],"curies":[{"name":"wp","href":"https:\/\/api.w.org\/{rel}","templated":true}]}}