{"id":3577,"date":"2018-09-13T08:31:42","date_gmt":"2017-04-20T15:12:45","guid":{"rendered":"https:\/\/www.giacomo-design.com\/product\/zegarek-meski-giacomo-design-convesso-szary-srebrny\/"},"modified":"2019-04-01T09:08:16","modified_gmt":"2019-04-01T09:08:16","slug":"convesso-gd09002","status":"publish","type":"product","link":"https:\/\/www.giacomo-design.com\/pl\/produkt\/convesso-gd09002\/","title":{"rendered":"Convesso GD09002"},"content":{"rendered":"","protected":false},"excerpt":{"rendered":"<p>Seria Convesso<br \/>\nTen model Convesso posiada srebrn\u0105 kopert\u0119 oraz bransolet\u0119 typu &#8222;mesh&#8221;.\u00a0Wypuk\u0142e szk\u0142o dodaje zegarkom klasycznym wyj\u0105tkowego charakteru. Z pewno\u015bci\u0105 nie pozostanie on niezauwa\u017cony na zat\u0142oczonych ulicach.<\/p>\n","protected":false},"featured_media":3533,"comment_status":"open","ping_status":"closed","template":"","meta":[],"class_list":["post-3577","product","type-product","status-publish","has-post-thumbnail","hentry","product_cat-klasyczne","product_tag-klasyczny","product_tag-stal","pa_additionalfeatures-fluorescencyjne-wskazowki","pa_additionalfeatures-tarcza-ze-struktura-3d","pa_additionalfeatures-wypukle-szklo","pa_casematerial-stal-nierdzewna","pa_clasptype-zatrzask","pa_dialcolor-szary","pa_glass-krysztal-mineralny","pa_movement-japonski-kwarcowy","pa_strapcolor-srebrny","pa_strapmaterial-stal-nierdzewna","collection-convesso-pl","dial_color-szary","strap_color-srebrny","case_material-stal-nierdzewna","strap_material-stal-nierdzewna"],"aioseo_notices":[],"post_mailing_queue_ids":[],"_links":{"self":[{"href":"https:\/\/www.giacomo-design.com\/pl\/wp-json\/wp\/v2\/product\/3577","targetHints":{"allow":["GET"]}}],"collection":[{"href":"https:\/\/www.giacomo-design.com\/pl\/wp-json\/wp\/v2\/product"}],"about":[{"href":"https:\/\/www.giacomo-design.com\/pl\/wp-json\/wp\/v2\/types\/product"}],"replies":[{"embeddable":true,"href":"https:\/\/www.giacomo-design.com\/pl\/wp-json\/wp\/v2\/comments?post=3577"}],"wp:featuredmedia":[{"embeddable":true,"href":"https:\/\/www.giacomo-design.com\/pl\/wp-json\/wp\/v2\/media\/3533"}],"wp:attachment":[{"href":"https:\/\/www.giacomo-design.com\/pl\/wp-json\/wp\/v2\/media?parent=3577"}],"curies":[{"name":"wp","href":"https:\/\/api.w.org\/{rel}","templated":true}]}}