{"id":3633,"date":"2018-09-13T08:33:43","date_gmt":"2017-04-20T15:23:28","guid":{"rendered":"https:\/\/www.giacomo-design.com\/product\/zegarek-meski-giacomo-design-convesso-zielony-srebrny\/"},"modified":"2019-04-01T09:08:11","modified_gmt":"2019-04-01T09:08:11","slug":"convesso-gd09003","status":"publish","type":"product","link":"https:\/\/www.giacomo-design.com\/pl\/produkt\/convesso-gd09003\/","title":{"rendered":"Convesso GD09003"},"content":{"rendered":"","protected":false},"excerpt":{"rendered":"<p>Seria Convesso<br \/>\nTen model Convesso posiada srebrn\u0105 kopert\u0119 oraz bransolet\u0119 typu &#8222;mesh&#8221;.\u00a0Wypuk\u0142e szk\u0142o dodaje zegarkom klasycznym wyj\u0105tkowego charakteru. Z pewno\u015bci\u0105 nie pozostanie on niezauwa\u017cony na zat\u0142oczonych ulicach.<\/p>\n","protected":false},"featured_media":3589,"comment_status":"open","ping_status":"closed","template":"","meta":[],"class_list":["post-3633","product","type-product","status-publish","has-post-thumbnail","hentry","product_cat-klasyczne","product_tag-klasyczny","product_tag-stal","pa_casebackmaterial-stal-nierdzewna","pa_casematerial-stal-nierdzewna","pa_clasptype-zatrzask","pa_dialcolor-zielony","pa_glass-krysztal-mineralny","pa_movement-japonski-kwarcowy","pa_strapcolor-srebrny","pa_strapmaterial-stal-nierdzewna","pa_warranty-2-lata","collection-convesso-pl","dial_color-zielony","strap_color-srebrny","case_material-stal-nierdzewna","strap_material-stal-nierdzewna"],"aioseo_notices":[],"post_mailing_queue_ids":[],"_links":{"self":[{"href":"https:\/\/www.giacomo-design.com\/pl\/wp-json\/wp\/v2\/product\/3633","targetHints":{"allow":["GET"]}}],"collection":[{"href":"https:\/\/www.giacomo-design.com\/pl\/wp-json\/wp\/v2\/product"}],"about":[{"href":"https:\/\/www.giacomo-design.com\/pl\/wp-json\/wp\/v2\/types\/product"}],"replies":[{"embeddable":true,"href":"https:\/\/www.giacomo-design.com\/pl\/wp-json\/wp\/v2\/comments?post=3633"}],"wp:featuredmedia":[{"embeddable":true,"href":"https:\/\/www.giacomo-design.com\/pl\/wp-json\/wp\/v2\/media\/3589"}],"wp:attachment":[{"href":"https:\/\/www.giacomo-design.com\/pl\/wp-json\/wp\/v2\/media?parent=3633"}],"curies":[{"name":"wp","href":"https:\/\/api.w.org\/{rel}","templated":true}]}}