{"id":3745,"date":"2017-04-20T15:45:27","date_gmt":"2017-04-20T15:45:27","guid":{"rendered":"https:\/\/www.giacomo-design.com\/product\/zegarek-meski-giacomo-design-convesso-brazowy-brazowa-skora\/"},"modified":"2024-03-14T02:40:31","modified_gmt":"2024-03-14T02:40:31","slug":"convesso-gd09005","status":"publish","type":"product","link":"https:\/\/www.giacomo-design.com\/pl\/produkt\/convesso-gd09005\/","title":{"rendered":"Convesso GD09005"},"content":{"rendered":"","protected":false},"excerpt":{"rendered":"<p>Seria Convesso<br \/>\nTen model Convesso posiada srebrn\u0105 kopert\u0119 oraz br\u0105zowy pasek ze sk\u00f3ry naturalnej.\u00a0Wypuk\u0142e szk\u0142o dodaje zegarkom klasycznym wyj\u0105tkowego charakteru. Z pewno\u015bci\u0105 nie pozostanie on niezauwa\u017cony na zat\u0142oczonych ulicach.<\/p>\n","protected":false},"featured_media":3705,"comment_status":"open","ping_status":"closed","template":"","meta":[],"class_list":["post-3745","product","type-product","status-publish","has-post-thumbnail","hentry","product_cat-klasyczne","product_tag-klasyczny","product_tag-skora","product_tag-stal","pa_additionalfeatures-fluorescencyjne-wskazowki","pa_additionalfeatures-tarcza-ze-struktura-3d","pa_additionalfeatures-wypukle-szklo","pa_casebackmaterial-stal-nierdzewna","pa_casematerial-stal-nierdzewna","pa_clasptype-zatrzask","pa_dialcolor-brazowy","pa_glass-krysztal-mineralny","pa_movement-japonski-kwarcowy","pa_strapcolor-brazowy","pa_strapmaterial-skora-naturalna-pl","pa_warranty-2-lata","collection-convesso-pl","dial_color-brazowy","strap_color-brazowy","case_material-stal-nierdzewna","strap_material-skora"],"aioseo_notices":[],"post_mailing_queue_ids":[],"_links":{"self":[{"href":"https:\/\/www.giacomo-design.com\/pl\/wp-json\/wp\/v2\/product\/3745","targetHints":{"allow":["GET"]}}],"collection":[{"href":"https:\/\/www.giacomo-design.com\/pl\/wp-json\/wp\/v2\/product"}],"about":[{"href":"https:\/\/www.giacomo-design.com\/pl\/wp-json\/wp\/v2\/types\/product"}],"replies":[{"embeddable":true,"href":"https:\/\/www.giacomo-design.com\/pl\/wp-json\/wp\/v2\/comments?post=3745"}],"wp:featuredmedia":[{"embeddable":true,"href":"https:\/\/www.giacomo-design.com\/pl\/wp-json\/wp\/v2\/media\/3705"}],"wp:attachment":[{"href":"https:\/\/www.giacomo-design.com\/pl\/wp-json\/wp\/v2\/media?parent=3745"}],"curies":[{"name":"wp","href":"https:\/\/api.w.org\/{rel}","templated":true}]}}