{"id":3913,"date":"2018-09-13T08:33:24","date_gmt":"2017-04-28T10:52:46","guid":{"rendered":"https:\/\/www.giacomo-design.com\/product\/tytanowy-zegarek-meski-giacomo-design-titanio-czarnysrebrny\/"},"modified":"2019-04-01T09:08:12","modified_gmt":"2019-04-01T09:08:12","slug":"titanio-gd12002","status":"publish","type":"product","link":"https:\/\/www.giacomo-design.com\/pl\/produkt\/titanio-gd12002\/","title":{"rendered":"Titanio GD12002"},"content":{"rendered":"","protected":false},"excerpt":{"rendered":"<p>Titanium Series<br \/>\nZaokr\u0105glona koperta o sp\u00f3jnej kolorystyce wykonana zosta\u0142a z bardzo wytrzyma\u0142ego, a jednocze\u015bnie lekkiego stopu tytanowego o matowej fakturze. Delikatna bransoleta typu mesh wykonana zosta\u0142a z drobnych stalowych ogniw koloru czarnego.<\/p>\n","protected":false},"featured_media":3869,"comment_status":"closed","ping_status":"closed","template":"","meta":[],"class_list":["post-3913","product","type-product","status-publish","has-post-thumbnail","hentry","product_cat-klasyczne","product_tag-lekki","product_tag-matowy","product_tag-wytrzymaly","pa_additionalfeatures-cienka-obudowa","pa_additionalfeatures-data-dzien-miesiaca","pa_casebackmaterial-tytan","pa_casematerial-tytan","pa_clasptype-zatrzask","pa_dialcolor-czarny","pa_glass-krysztal-mineralny","pa_movement-japonski-kwarcowy","pa_strapcolor-srebrny","pa_strapmaterial-stal-nierdzewna","pa_warranty-2-lata","collection-titanium-pl","dial_color-czarny","strap_color-srebrny","case_material-tytan","strap_material-stal-nierdzewna"],"aioseo_notices":[],"post_mailing_queue_ids":[],"_links":{"self":[{"href":"https:\/\/www.giacomo-design.com\/pl\/wp-json\/wp\/v2\/product\/3913","targetHints":{"allow":["GET"]}}],"collection":[{"href":"https:\/\/www.giacomo-design.com\/pl\/wp-json\/wp\/v2\/product"}],"about":[{"href":"https:\/\/www.giacomo-design.com\/pl\/wp-json\/wp\/v2\/types\/product"}],"replies":[{"embeddable":true,"href":"https:\/\/www.giacomo-design.com\/pl\/wp-json\/wp\/v2\/comments?post=3913"}],"wp:featuredmedia":[{"embeddable":true,"href":"https:\/\/www.giacomo-design.com\/pl\/wp-json\/wp\/v2\/media\/3869"}],"wp:attachment":[{"href":"https:\/\/www.giacomo-design.com\/pl\/wp-json\/wp\/v2\/media?parent=3913"}],"curies":[{"name":"wp","href":"https:\/\/api.w.org\/{rel}","templated":true}]}}