{"id":4193,"date":"2018-09-13T08:33:04","date_gmt":"2017-06-21T10:01:26","guid":{"rendered":"https:\/\/www.giacomo-design.com\/product\/zegarek-meski-giacomo-design-metallo-szklo-z-refleksem-czarny-szary\/"},"modified":"2019-04-01T09:08:13","modified_gmt":"2019-04-01T09:08:13","slug":"metallo-gd11002","status":"publish","type":"product","link":"https:\/\/www.giacomo-design.com\/pl\/produkt\/metallo-gd11002\/","title":{"rendered":"Metallo GD11002"},"content":{"rendered":"","protected":false},"excerpt":{"rendered":"<p style=\"text-align: left;\">Seria Metallo &#8211; minimalistyczny wygl\u0105d.<br \/>\nTa seria Metallo jest przeznaczona dla os\u00f3b ceni\u0105cych stylowe wzornictwo, prostot\u0119 i minimalizm w\u00a0jednym.<br \/>\nZegarki te wyr\u00f3\u017cniaj\u0105 si\u0119 du\u017c\u0105, masywn\u0105 obudow\u0105 i zwi\u0119kszon\u0105 klas\u0105 wodoodporno\u015bci &#8211; 5 ATM.<\/p>\n","protected":false},"featured_media":4149,"comment_status":"closed","ping_status":"closed","template":"","meta":[],"class_list":["post-4193","product","type-product","status-publish","has-post-thumbnail","hentry","product_cat-chronograf","product_tag-minimalistyczny","product_tag-stal","product_tag-wysoka-wodoodpornosc","pa_additionalfeatures-chronograf","pa_additionalfeatures-data-dzien-miesiaca","pa_casebackmaterial-stal-nierdzewna","pa_casematerial-stal-nierdzewna","pa_clasptype-klamra","pa_dialcolor-czarny","pa_glass-krysztal-mineralny","pa_movement-japonski-kwarcowy","pa_strapcolor-czarny","pa_strapmaterial-skora-naturalna-pl","pa_warranty-2-lata","collection-metallo-pl","dial_color-czarny","strap_color-czarny","case_material-stal-nierdzewna","strap_material-skora"],"aioseo_notices":[],"post_mailing_queue_ids":[],"_links":{"self":[{"href":"https:\/\/www.giacomo-design.com\/pl\/wp-json\/wp\/v2\/product\/4193","targetHints":{"allow":["GET"]}}],"collection":[{"href":"https:\/\/www.giacomo-design.com\/pl\/wp-json\/wp\/v2\/product"}],"about":[{"href":"https:\/\/www.giacomo-design.com\/pl\/wp-json\/wp\/v2\/types\/product"}],"replies":[{"embeddable":true,"href":"https:\/\/www.giacomo-design.com\/pl\/wp-json\/wp\/v2\/comments?post=4193"}],"wp:featuredmedia":[{"embeddable":true,"href":"https:\/\/www.giacomo-design.com\/pl\/wp-json\/wp\/v2\/media\/4149"}],"wp:attachment":[{"href":"https:\/\/www.giacomo-design.com\/pl\/wp-json\/wp\/v2\/media?parent=4193"}],"curies":[{"name":"wp","href":"https:\/\/api.w.org\/{rel}","templated":true}]}}