{"id":4593,"date":"2017-08-31T10:14:44","date_gmt":"2017-08-31T10:14:44","guid":{"rendered":"https:\/\/www.giacomo-design.com\/product\/bezplatne-spersonalizowane-grawerowanie\/"},"modified":"2019-04-01T09:25:05","modified_gmt":"2019-04-01T09:25:05","slug":"bezplatne-spersonalizowane-grawerowanie","status":"publish","type":"product","link":"https:\/\/www.giacomo-design.com\/pl\/produkt\/bezplatne-spersonalizowane-grawerowanie\/","title":{"rendered":"BEZP\u0141ATNE spersonalizowane grawerowanie"},"content":{"rendered":"<h1 style=\"text-align: center;\">PO DOKONANIU ZAM\u00d3WIENIA NA NASZYM SKLEPIE WY\u015aLIJ DO NAS WIADOMO\u015a\u0106 JAK\u0104 CZCIONK\u0118 WYBIERASZ , TEKST \u00a0KT\u00d3RY \u00a0MA BY\u0106 \u00a0WYGRAWEROWANY NA TWOIM ZEGARKU ORAZ W JAKIM MIEJSCU.<\/h1>\n<p style=\"text-align: center;\">Pami\u0119taj, \u017ce spersonalizowane zegarki wysy\u0142amy\u00a0<strong>TYLKO<\/strong>\u00a0po otrzymaniu wp\u0142aty za zam\u00f3wienie &#8211;\u00a0<strong>NIE<\/strong>\u00a0wysy\u0142amy zegark\u00f3w grawerowanych za pobraniem!<\/p>\n<p style=\"text-align: center;\">Zegarki spersonalizowane grawerem\u00a0<strong>NIE<\/strong>\u00a0podlegaj\u0105 zwrotowi!<\/p>\n<h3 style=\"text-align: center;\"><em><strong>\u00a0<\/strong><\/em><\/h3>\n<h2 style=\"text-align: center;\">DEKIEL ZE STALI NIERDZEWNEJ<\/h2>\n<p>&nbsp;<\/p>\n<p><img loading=\"lazy\" decoding=\"async\" class=\" size-full wp-image-4551\" src=\"https:\/\/www.giacomo-design.com\/wp-content\/uploads\/2017\/08\/engraveGDa.jpg\" alt=\"\" width=\"780\" height=\"328\" srcset=\"https:\/\/www.giacomo-design.com\/wp-content\/uploads\/2017\/08\/engraveGDa.jpg 800w, https:\/\/www.giacomo-design.com\/wp-content\/uploads\/2017\/08\/engraveGDa-750x315.jpg 750w, https:\/\/www.giacomo-design.com\/wp-content\/uploads\/2017\/08\/engraveGDa-768x323.jpg 768w, https:\/\/www.giacomo-design.com\/wp-content\/uploads\/2017\/08\/engraveGDa-298x125.jpg 298w, https:\/\/www.giacomo-design.com\/wp-content\/uploads\/2017\/08\/engraveGDa-250x105.jpg 250w, https:\/\/www.giacomo-design.com\/wp-content\/uploads\/2017\/08\/engraveGDa-714x300.jpg 714w\" sizes=\"auto, (max-width: 767px) 89vw, (max-width: 1000px) 54vw, (max-width: 1071px) 543px, 580px\" \/><img loading=\"lazy\" decoding=\"async\" class=\" size-full wp-image-4558\" src=\"https:\/\/www.giacomo-design.com\/wp-content\/uploads\/2017\/08\/a33sdad-a33sdad.jpg.jpg\" alt=\"a33sdad.jpg\" width=\"780\" height=\"328\" srcset=\"https:\/\/www.giacomo-design.com\/wp-content\/uploads\/2017\/08\/a33sdad-a33sdad.jpg.jpg 1200w, https:\/\/www.giacomo-design.com\/wp-content\/uploads\/2017\/08\/a33sdad-a33sdad.jpg-895x376.jpg 895w, https:\/\/www.giacomo-design.com\/wp-content\/uploads\/2017\/08\/a33sdad-a33sdad.jpg-750x315.jpg 750w, https:\/\/www.giacomo-design.com\/wp-content\/uploads\/2017\/08\/a33sdad-a33sdad.jpg-768x323.jpg 768w, https:\/\/www.giacomo-design.com\/wp-content\/uploads\/2017\/08\/a33sdad-a33sdad.jpg-298x125.jpg 298w, https:\/\/www.giacomo-design.com\/wp-content\/uploads\/2017\/08\/a33sdad-a33sdad.jpg-250x105.jpg 250w, https:\/\/www.giacomo-design.com\/wp-content\/uploads\/2017\/08\/a33sdad-a33sdad.jpg-714x300.jpg 714w\" sizes=\"auto, (max-width: 767px) 89vw, (max-width: 1000px) 54vw, (max-width: 1071px) 543px, 580px\" \/><img loading=\"lazy\" decoding=\"async\" class=\" size-full wp-image-4565\" src=\"https:\/\/www.giacomo-design.com\/wp-content\/uploads\/2017\/08\/a334-a334.jpg.jpg\" alt=\"a334.jpg\" width=\"780\" height=\"328\" srcset=\"https:\/\/www.giacomo-design.com\/wp-content\/uploads\/2017\/08\/a334-a334.jpg.jpg 1500w, https:\/\/www.giacomo-design.com\/wp-content\/uploads\/2017\/08\/a334-a334.jpg-895x376.jpg 895w, https:\/\/www.giacomo-design.com\/wp-content\/uploads\/2017\/08\/a334-a334.jpg-750x315.jpg 750w, https:\/\/www.giacomo-design.com\/wp-content\/uploads\/2017\/08\/a334-a334.jpg-768x323.jpg 768w, https:\/\/www.giacomo-design.com\/wp-content\/uploads\/2017\/08\/a334-a334.jpg-298x125.jpg 298w, https:\/\/www.giacomo-design.com\/wp-content\/uploads\/2017\/08\/a334-a334.jpg-250x105.jpg 250w, https:\/\/www.giacomo-design.com\/wp-content\/uploads\/2017\/08\/a334-a334.jpg-714x300.jpg 714w\" sizes=\"auto, (max-width: 767px) 89vw, (max-width: 1000px) 54vw, (max-width: 1071px) 543px, 580px\" \/><\/p>\n<h2>DEKIEL DREWNIANY<\/h2>\n<h2>UWAGA! NA ZEGARKACH DREWNIANYCH WYKONUJEMY GRAWER TYLKO CZCIONKAMI NR 1,2,3 ORAZ 6 \u00a0Z WYPE\u0141NIENIEM!<\/h2>\n<p><img loading=\"lazy\" decoding=\"async\" class=\" size-full wp-image-4572\" src=\"https:\/\/www.giacomo-design.com\/wp-content\/uploads\/2017\/08\/engrave08_1-engrave08.jpg.jpg\" alt=\"engrave08.jpg\" width=\"780\" height=\"395\" srcset=\"https:\/\/www.giacomo-design.com\/wp-content\/uploads\/2017\/08\/engrave08_1-engrave08.jpg.jpg 1200w, https:\/\/www.giacomo-design.com\/wp-content\/uploads\/2017\/08\/engrave08_1-engrave08.jpg-895x453.jpg 895w, https:\/\/www.giacomo-design.com\/wp-content\/uploads\/2017\/08\/engrave08_1-engrave08.jpg-750x379.jpg 750w, https:\/\/www.giacomo-design.com\/wp-content\/uploads\/2017\/08\/engrave08_1-engrave08.jpg-768x388.jpg 768w, https:\/\/www.giacomo-design.com\/wp-content\/uploads\/2017\/08\/engrave08_1-engrave08.jpg-247x125.jpg 247w, https:\/\/www.giacomo-design.com\/wp-content\/uploads\/2017\/08\/engrave08_1-engrave08.jpg-250x126.jpg 250w, https:\/\/www.giacomo-design.com\/wp-content\/uploads\/2017\/08\/engrave08_1-engrave08.jpg-593x300.jpg 593w\" sizes=\"auto, (max-width: 767px) 89vw, (max-width: 1000px) 54vw, (max-width: 1071px) 543px, 580px\" \/><\/p>\n<p><img loading=\"lazy\" decoding=\"async\" class=\" size-full wp-image-4579\" src=\"https:\/\/www.giacomo-design.com\/wp-content\/uploads\/2017\/08\/engrave123_1.jpg\" alt=\"\" width=\"780\" height=\"395\" srcset=\"https:\/\/www.giacomo-design.com\/wp-content\/uploads\/2017\/08\/engrave123_1.jpg 1200w, https:\/\/www.giacomo-design.com\/wp-content\/uploads\/2017\/08\/engrave123_1-895x453.jpg 895w, https:\/\/www.giacomo-design.com\/wp-content\/uploads\/2017\/08\/engrave123_1-750x379.jpg 750w, https:\/\/www.giacomo-design.com\/wp-content\/uploads\/2017\/08\/engrave123_1-768x388.jpg 768w, https:\/\/www.giacomo-design.com\/wp-content\/uploads\/2017\/08\/engrave123_1-247x125.jpg 247w, https:\/\/www.giacomo-design.com\/wp-content\/uploads\/2017\/08\/engrave123_1-250x126.jpg 250w, https:\/\/www.giacomo-design.com\/wp-content\/uploads\/2017\/08\/engrave123_1-593x300.jpg 593w\" sizes=\"auto, (max-width: 767px) 89vw, (max-width: 1000px) 54vw, (max-width: 1071px) 543px, 580px\" \/><\/p>\n<p><img loading=\"lazy\" decoding=\"async\" class=\" size-full wp-image-4586\" src=\"https:\/\/www.giacomo-design.com\/wp-content\/uploads\/2017\/08\/engravefonts-engrave.jpg.jpg\" alt=\"engrave.jpg\" width=\"780\" height=\"1459\" srcset=\"https:\/\/www.giacomo-design.com\/wp-content\/uploads\/2017\/08\/engravefonts-engrave.jpg.jpg 864w, https:\/\/www.giacomo-design.com\/wp-content\/uploads\/2017\/08\/engravefonts-engrave.jpg-257x480.jpg 257w, https:\/\/www.giacomo-design.com\/wp-content\/uploads\/2017\/08\/engravefonts-engrave.jpg-768x1436.jpg 768w, https:\/\/www.giacomo-design.com\/wp-content\/uploads\/2017\/08\/engravefonts-engrave.jpg-67x125.jpg 67w, https:\/\/www.giacomo-design.com\/wp-content\/uploads\/2017\/08\/engravefonts-engrave.jpg-134x250.jpg 134w, https:\/\/www.giacomo-design.com\/wp-content\/uploads\/2017\/08\/engravefonts-engrave.jpg-160x300.jpg 160w\" sizes=\"auto, (max-width: 767px) 89vw, (max-width: 1000px) 54vw, (max-width: 1071px) 543px, 580px\" \/><\/p>\n<p>&nbsp;<\/p>\n","protected":false},"excerpt":{"rendered":"<p style=\"text-align: center;\">Mo\u017cesz sprawi\u0107 nietuzinkowy prezent ukochanej osobie dzi\u0119ki <strong><span style=\"color: #010101; background-color: #ffffff;\">DARMOWEJ<\/span><\/strong> personalizacji zegarka jak\u0105 oferujemy w naszym sklepie przy ka\u017cdym zakupie. Wykonamy dla Ciebie grawer na deklu zegarka. Dowolne \u017cyczenia, data urodzin, inicja\u0142y, kwiaty czy inne kszta\u0142ty? Jeste\u015bmy otwarci na wszelkie propozycje!<\/p>\n","protected":false},"featured_media":4391,"comment_status":"open","ping_status":"closed","template":"","meta":[],"class_list":["post-4593","product","type-product","status-publish","has-post-thumbnail","hentry","product_cat-dodatki"],"aioseo_notices":[],"post_mailing_queue_ids":[],"_links":{"self":[{"href":"https:\/\/www.giacomo-design.com\/pl\/wp-json\/wp\/v2\/product\/4593","targetHints":{"allow":["GET"]}}],"collection":[{"href":"https:\/\/www.giacomo-design.com\/pl\/wp-json\/wp\/v2\/product"}],"about":[{"href":"https:\/\/www.giacomo-design.com\/pl\/wp-json\/wp\/v2\/types\/product"}],"replies":[{"embeddable":true,"href":"https:\/\/www.giacomo-design.com\/pl\/wp-json\/wp\/v2\/comments?post=4593"}],"wp:featuredmedia":[{"embeddable":true,"href":"https:\/\/www.giacomo-design.com\/pl\/wp-json\/wp\/v2\/media\/4391"}],"wp:attachment":[{"href":"https:\/\/www.giacomo-design.com\/pl\/wp-json\/wp\/v2\/media?parent=4593"}],"curies":[{"name":"wp","href":"https:\/\/api.w.org\/{rel}","templated":true}]}}