{"id":4760,"date":"2017-11-17T17:54:47","date_gmt":"2017-11-17T17:54:47","guid":{"rendered":"https:\/\/www.giacomo-design.com\/product\/drewniany-zegarek-giacomo-design-bellezza-semplice-drewno-zebrano\/"},"modified":"2024-02-28T23:34:03","modified_gmt":"2024-02-28T23:34:03","slug":"bellezza-semplice-gd08303","status":"publish","type":"product","link":"https:\/\/www.giacomo-design.com\/pl\/produkt\/bellezza-semplice-gd08303\/","title":{"rendered":"Zegarek drewniany Bellezza Semplice GD08303"},"content":{"rendered":"","protected":false},"excerpt":{"rendered":"<p>To zegarek idealny na co dzie\u0144 ale te\u017c sprawdzi si\u0119 w tak zwanej sportowej elegancji. Kolorystyka utrzymana jest w modnych odcieniach czerni i br\u0105zu. Drzewo zebrano nadaje temu modelowi niepowtarzalno\u015bci i klasy.<\/p>\n","protected":false},"featured_media":4727,"comment_status":"open","ping_status":"closed","template":"","meta":[],"class_list":["post-4760","product","type-product","status-publish","has-post-thumbnail","hentry","product_cat-drewniane-dla-mezczyzn","product_tag-codzienny","product_tag-drewno","product_tag-wytrzymaly","pa_additionalfeatures-super-lekki","pa_casebackmaterial-drewno-zebrano","pa_casematerial-drewno-zebrano","pa_clasptype-zatrzask","pa_dialcolor-drewno-zebrano","pa_glass-krysztal-mineralny","pa_movement-japonski-kwarcowy","pa_strapcolor-drewno-zebrano","pa_strapmaterial-drewno-zebrano","pa_warranty-2-lata","collection-bellezza-semplice-pl","dial_color-drewno","dial_color-drewno-zebrano","strap_color-drewno","case_material-drewno","case_material-drewno-zebrano","strap_material-drewno"],"aioseo_notices":[],"post_mailing_queue_ids":[],"_links":{"self":[{"href":"https:\/\/www.giacomo-design.com\/pl\/wp-json\/wp\/v2\/product\/4760","targetHints":{"allow":["GET"]}}],"collection":[{"href":"https:\/\/www.giacomo-design.com\/pl\/wp-json\/wp\/v2\/product"}],"about":[{"href":"https:\/\/www.giacomo-design.com\/pl\/wp-json\/wp\/v2\/types\/product"}],"replies":[{"embeddable":true,"href":"https:\/\/www.giacomo-design.com\/pl\/wp-json\/wp\/v2\/comments?post=4760"}],"wp:featuredmedia":[{"embeddable":true,"href":"https:\/\/www.giacomo-design.com\/pl\/wp-json\/wp\/v2\/media\/4727"}],"wp:attachment":[{"href":"https:\/\/www.giacomo-design.com\/pl\/wp-json\/wp\/v2\/media?parent=4760"}],"curies":[{"name":"wp","href":"https:\/\/api.w.org\/{rel}","templated":true}]}}