{"id":4809,"date":"2017-11-17T18:29:21","date_gmt":"2017-11-17T18:29:21","guid":{"rendered":"https:\/\/www.giacomo-design.com\/product\/drewniany-zegarek-meski-giacomo-design-bellezza-semplice-drewno-hebanowe-blue-eye\/"},"modified":"2024-11-17T16:53:31","modified_gmt":"2024-11-17T16:53:31","slug":"bellezza-semplice-gd08304","status":"publish","type":"product","link":"https:\/\/www.giacomo-design.com\/pl\/produkt\/bellezza-semplice-gd08304\/","title":{"rendered":"Zegarek drewniany Bellezza Semplice GD08304"},"content":{"rendered":"","protected":false},"excerpt":{"rendered":"<p>To zegarek idealny na co dzie\u0144 ale te\u017c sprawdzi si\u0119 w tak zwanej sportowej elegancji. Kolorystyka utrzymana jest w modnych odcieniach czerni i niebieskiego. Drzewo hebanowe nadaje temu modelowi niepowtarzalno\u015bci, trwa\u0142o\u015bci i klasy.<\/p>\n","protected":false},"featured_media":4776,"comment_status":"open","ping_status":"closed","template":"","meta":[],"class_list":["post-4809","product","type-product","status-publish","has-post-thumbnail","hentry","product_cat-drewniane-dla-mezczyzn","product_tag-codzienny","product_tag-drewno","product_tag-wytrzymaly","pa_additionalfeatures-super-lekki","pa_casebackmaterial-drewno-hebanowe","pa_casematerial-drewno-hebanowe","pa_clasptype-zatrzask","pa_dialcolor-niebieski","pa_glass-krysztal-mineralny","pa_movement-japonski-kwarcowy","pa_strapcolor-drewno-hebanowe","pa_strapmaterial-drewno-hebanowe","pa_warranty-2-lata","collection-bellezza-semplice-pl","dial_color-niebieski","strap_color-drewno","case_material-drewno","case_material-drewno-hebanowe","strap_material-drewno"],"aioseo_notices":[],"post_mailing_queue_ids":[],"_links":{"self":[{"href":"https:\/\/www.giacomo-design.com\/pl\/wp-json\/wp\/v2\/product\/4809","targetHints":{"allow":["GET"]}}],"collection":[{"href":"https:\/\/www.giacomo-design.com\/pl\/wp-json\/wp\/v2\/product"}],"about":[{"href":"https:\/\/www.giacomo-design.com\/pl\/wp-json\/wp\/v2\/types\/product"}],"replies":[{"embeddable":true,"href":"https:\/\/www.giacomo-design.com\/pl\/wp-json\/wp\/v2\/comments?post=4809"}],"wp:featuredmedia":[{"embeddable":true,"href":"https:\/\/www.giacomo-design.com\/pl\/wp-json\/wp\/v2\/media\/4776"}],"wp:attachment":[{"href":"https:\/\/www.giacomo-design.com\/pl\/wp-json\/wp\/v2\/media?parent=4809"}],"curies":[{"name":"wp","href":"https:\/\/api.w.org\/{rel}","templated":true}]}}