{"id":4907,"date":"2018-09-13T08:32:45","date_gmt":"2017-11-17T21:12:09","guid":{"rendered":"https:\/\/www.giacomo-design.com\/product\/giacomo-design-wood-watch-eccezionali-quattro-rose-wood-2\/"},"modified":"2026-02-25T17:40:41","modified_gmt":"2026-02-25T17:40:41","slug":"eccezionali-quattro-gd08404","status":"publish","type":"product","link":"https:\/\/www.giacomo-design.com\/pl\/produkt\/eccezionali-quattro-gd08404\/","title":{"rendered":"Damski zegarek drewniany Eccezionali Quattro GD08404"},"content":{"rendered":"","protected":false},"excerpt":{"rendered":"<p>&nbsp;<\/p>\n<p><span lang=\"en-us\" xml:lang=\"en-us\">Niezwyk\u0142y zegarek dla kobiet pewnych siebie. Zrobiony z drewna r\u00f3\u017canego, jest trwa\u0142y i odporny. Po prawej stronie wyrze\u017abiono designersk\u0105 &#8222;czw\u00f3rk\u0119&#8221;. Oliwkowa tarcza dodaje stylu i elegacji.<\/span><\/p>\n","protected":false},"featured_media":4870,"comment_status":"open","ping_status":"closed","template":"","meta":[],"class_list":["post-4907","product","type-product","status-publish","has-post-thumbnail","hentry","product_cat-drewniane-dla-kobiet","product_cat-damskie","product_tag-drewno","product_tag-elegancki","product_tag-odporny","product_tag-wytrzymaly","pa_additionalfeatures-numer-4-zrobiony-jest-z-drewna-bambusowego","pa_additionalfeatures-super-lekki","pa_casebackmaterial-drewno-rozane","pa_casematerial-drewno-rozane","pa_clasptype-zatrzask","pa_dialcolor-drewno-oliwne","pa_glass-krysztal-mineralny","pa_movement-japonski-kwarcowy","pa_strapcolor-drewno-rozane","pa_strapmaterial-drewno-rozane","pa_warranty-2-lata","collection-eccezionali-quattro-pl","dial_color-drewno","dial_color-drewno-oliwne","strap_color-drewno","case_material-drewno","case_material-drewno-rozane","strap_material-drewno"],"aioseo_notices":[],"post_mailing_queue_ids":[],"_links":{"self":[{"href":"https:\/\/www.giacomo-design.com\/pl\/wp-json\/wp\/v2\/product\/4907","targetHints":{"allow":["GET"]}}],"collection":[{"href":"https:\/\/www.giacomo-design.com\/pl\/wp-json\/wp\/v2\/product"}],"about":[{"href":"https:\/\/www.giacomo-design.com\/pl\/wp-json\/wp\/v2\/types\/product"}],"replies":[{"embeddable":true,"href":"https:\/\/www.giacomo-design.com\/pl\/wp-json\/wp\/v2\/comments?post=4907"}],"wp:featuredmedia":[{"embeddable":true,"href":"https:\/\/www.giacomo-design.com\/pl\/wp-json\/wp\/v2\/media\/4870"}],"wp:attachment":[{"href":"https:\/\/www.giacomo-design.com\/pl\/wp-json\/wp\/v2\/media?parent=4907"}],"curies":[{"name":"wp","href":"https:\/\/api.w.org\/{rel}","templated":true}]}}