{"id":4956,"date":"2017-11-17T21:35:36","date_gmt":"2017-11-17T21:35:36","guid":{"rendered":"https:\/\/www.giacomo-design.com\/product\/drewniany-zegarek-damski-giacomo-design-eccezionali-quattro-klon\/"},"modified":"2018-12-12T16:00:01","modified_gmt":"2018-12-12T16:00:01","slug":"eccezionali-quattro-gd08403","status":"publish","type":"product","link":"https:\/\/www.giacomo-design.com\/pl\/produkt\/eccezionali-quattro-gd08403\/","title":{"rendered":"Damski zegarek drewniany Eccezionali Quattro GD08403"},"content":{"rendered":"","protected":false},"excerpt":{"rendered":"<p>&nbsp;<\/p>\n<p><span lang=\"en-us\" xml:lang=\"en-us\">Niezwyk\u0142y zegarek dla kobiet pewnych siebie. Zrobiony z drewna klonu, jest trwa\u0142y i odporny. Po prawej stronie wyrze\u017abiono designersk\u0105 &#8222;czw\u00f3rk\u0119&#8221;. Tarcza z drewna purple heart dodaje stylu i elegancji.\u00a0<\/span><\/p>\n","protected":false},"featured_media":4923,"comment_status":"open","ping_status":"closed","template":"","meta":[],"class_list":["post-4956","product","type-product","status-publish","has-post-thumbnail","hentry","product_cat-drewniane-dla-kobiet","product_cat-damskie","product_tag-drewno","product_tag-elegancki","product_tag-odporny","product_tag-wytrzymaly","pa_additionalfeatures-super-lekki","pa_casebackmaterial-drewno-klonowe","pa_casematerial-drewno-klonowe","pa_clasptype-zatrzask","pa_dialcolor-drewno-amarantowe","pa_glass-krysztal-mineralny","pa_movement-japonski-kwarcowy","pa_strapcolor-drewno-klonowe","pa_strapmaterial-drewno-klonowe","pa_warranty-2-lata","collection-eccezionali-quattro-pl","dial_color-drewno-amarantowe","strap_color-drewno","case_material-drewno","case_material-drewno-klonowe","strap_material-drewno"],"aioseo_notices":[],"post_mailing_queue_ids":[],"_links":{"self":[{"href":"https:\/\/www.giacomo-design.com\/pl\/wp-json\/wp\/v2\/product\/4956","targetHints":{"allow":["GET"]}}],"collection":[{"href":"https:\/\/www.giacomo-design.com\/pl\/wp-json\/wp\/v2\/product"}],"about":[{"href":"https:\/\/www.giacomo-design.com\/pl\/wp-json\/wp\/v2\/types\/product"}],"replies":[{"embeddable":true,"href":"https:\/\/www.giacomo-design.com\/pl\/wp-json\/wp\/v2\/comments?post=4956"}],"wp:featuredmedia":[{"embeddable":true,"href":"https:\/\/www.giacomo-design.com\/pl\/wp-json\/wp\/v2\/media\/4923"}],"wp:attachment":[{"href":"https:\/\/www.giacomo-design.com\/pl\/wp-json\/wp\/v2\/media?parent=4956"}],"curies":[{"name":"wp","href":"https:\/\/api.w.org\/{rel}","templated":true}]}}