{"id":5005,"date":"2018-09-13T08:31:54","date_gmt":"2017-11-19T15:34:11","guid":{"rendered":"https:\/\/www.giacomo-design.com\/product\/drewniany-zegarek-giacomo-design-eleganza-semplice-gd08205-rozane-sandalowe-drzewo\/"},"modified":"2026-02-25T17:28:42","modified_gmt":"2026-02-25T17:28:42","slug":"eleganza-semplice-gd08205","status":"publish","type":"product","link":"https:\/\/www.giacomo-design.com\/pl\/produkt\/eleganza-semplice-gd08205\/","title":{"rendered":"Drwewniany zegarek damski Eleganza Semplice GD08205"},"content":{"rendered":"","protected":false},"excerpt":{"rendered":"<p>Ten model z serii zegark\u00f3w drewnianych wykonany jest z drewna r\u00f3\u017canego i sanda\u0142owego. Posiada ciekaw\u0105, niepowtarzaln\u0105 kolorystyk\u0119. Tarcza z drewna koa i z\u0142ote indeksy dodaj\u0105 temu egzemplarzowi elegancji i klasy.<\/p>\n","protected":false},"featured_media":4968,"comment_status":"open","ping_status":"closed","template":"","meta":[],"class_list":["post-5005","product","type-product","status-publish","has-post-thumbnail","hentry","product_cat-drewniane-dla-kobiet","product_cat-damskie","product_tag-drewno","product_tag-elegancki","pa_additionalfeatures-super-lekki","pa_casebackmaterial-drewno-rozane","pa_casebackmaterial-drewno-sandalowe","pa_casematerial-drewno-rozane","pa_casematerial-drewno-sandalowe","pa_clasptype-zatrzask","pa_dialcolor-drewno-koa","pa_movement-japonski-kwarcowy","pa_strapcolor-drewno-rozane","pa_strapcolor-drewno-sandalowe","pa_strapmaterial-drewno-koa","pa_warranty-2-lata","collection-di-legno-donne-pl","collection-eleganza-semplice-pl","dial_color-drewno-koa","strap_color-drewno","case_material-drewno","strap_material-drewno"],"aioseo_notices":[],"post_mailing_queue_ids":[],"_links":{"self":[{"href":"https:\/\/www.giacomo-design.com\/pl\/wp-json\/wp\/v2\/product\/5005","targetHints":{"allow":["GET"]}}],"collection":[{"href":"https:\/\/www.giacomo-design.com\/pl\/wp-json\/wp\/v2\/product"}],"about":[{"href":"https:\/\/www.giacomo-design.com\/pl\/wp-json\/wp\/v2\/types\/product"}],"replies":[{"embeddable":true,"href":"https:\/\/www.giacomo-design.com\/pl\/wp-json\/wp\/v2\/comments?post=5005"}],"wp:featuredmedia":[{"embeddable":true,"href":"https:\/\/www.giacomo-design.com\/pl\/wp-json\/wp\/v2\/media\/4968"}],"wp:attachment":[{"href":"https:\/\/www.giacomo-design.com\/pl\/wp-json\/wp\/v2\/media?parent=5005"}],"curies":[{"name":"wp","href":"https:\/\/api.w.org\/{rel}","templated":true}]}}