{"id":5152,"date":"2017-11-19T18:28:31","date_gmt":"2017-11-19T18:28:31","guid":{"rendered":"https:\/\/www.giacomo-design.com\/product\/meski-zegarek-giacomo-design-orologio-massiccio-drewno-wenga\/"},"modified":"2020-06-04T17:49:33","modified_gmt":"2020-06-04T17:49:33","slug":"orologio-massiccio-gd08603","status":"publish","type":"product","link":"https:\/\/www.giacomo-design.com\/pl\/produkt\/orologio-massiccio-gd08603\/","title":{"rendered":"Drewniany zegarek m\u0119ski Orologio Massiccio GD08603"},"content":{"rendered":"","protected":false},"excerpt":{"rendered":"<p>To klasyczny design ale doskonale pasuje do sportowej elegancji. Mamy tu modn\u0105 drewnian\u0105 ciemn\u0105\u00a0 tarcz\u0119 i odrobin\u0119 czerwieni w ma\u0142ej wskaz\u00f3wce. Zegarek jest do\u015b\u0107 szeroki, ma 45 mm. Wykonany z tropikalnego drewna wenga.<\/p>\n","protected":false},"featured_media":5119,"comment_status":"open","ping_status":"closed","template":"","meta":[],"class_list":["post-5152","product","type-product","status-publish","has-post-thumbnail","hentry","product_cat-meskie","product_cat-drewniane-dla-mezczyzn","product_tag-drewno","product_tag-elegancki","product_tag-materialowo-skorzany-pasek","product_tag-szeroki-pl","product_tag-szeroki","pa_additionalfeatures-super-lekki","pa_casebackmaterial-drewno-wenge","pa_casebackmaterial-drewno-wenge-pl","pa_casematerial-drewno-wenge","pa_clasptype-klamra","pa_dialcolor-drewno-hebanowe","pa_dialcolor-drewno-hebanowe-pl","pa_glass-krysztal-mineralny","pa_movement-japonski-kwarcowy","pa_strapcolor-bialy","pa_strapcolor-niebieski","pa_strapmaterial-material-skora","pa_warranty-2-lata","collection-orologio-massiccio-pl","dial_color-drewno","dial_color-drewno-hebanowe","strap_color-bialy","strap_color-niebieski","case_material-drewno","case_material-drewno-wenge","strap_material-materialowo-skorzany"],"aioseo_notices":[],"post_mailing_queue_ids":[],"_links":{"self":[{"href":"https:\/\/www.giacomo-design.com\/pl\/wp-json\/wp\/v2\/product\/5152","targetHints":{"allow":["GET"]}}],"collection":[{"href":"https:\/\/www.giacomo-design.com\/pl\/wp-json\/wp\/v2\/product"}],"about":[{"href":"https:\/\/www.giacomo-design.com\/pl\/wp-json\/wp\/v2\/types\/product"}],"replies":[{"embeddable":true,"href":"https:\/\/www.giacomo-design.com\/pl\/wp-json\/wp\/v2\/comments?post=5152"}],"wp:featuredmedia":[{"embeddable":true,"href":"https:\/\/www.giacomo-design.com\/pl\/wp-json\/wp\/v2\/media\/5119"}],"wp:attachment":[{"href":"https:\/\/www.giacomo-design.com\/pl\/wp-json\/wp\/v2\/media?parent=5152"}],"curies":[{"name":"wp","href":"https:\/\/api.w.org\/{rel}","templated":true}]}}