{"id":5250,"date":"2017-11-19T19:42:32","date_gmt":"2017-11-19T19:42:32","guid":{"rendered":"https:\/\/www.giacomo-design.com\/product\/meski-zegarek-giacomo-design-legno-sul-bar-drzewo-sandalowe-gruby-skorzany-pasek\/"},"modified":"2019-04-01T09:08:31","modified_gmt":"2019-04-01T09:08:31","slug":"legno-sul-bar-gd08013","status":"publish","type":"product","link":"https:\/\/www.giacomo-design.com\/pl\/produkt\/legno-sul-bar-gd08013\/","title":{"rendered":"Legno Sul Bar GD08013"},"content":{"rendered":"","protected":false},"excerpt":{"rendered":"<p>Ten model zegarka wykonany jest z drzewa sanda\u0142owego, kt\u00f3ry ma \u00a0naturalnie ciemno czekoladowy kolor, jest lekki, wytrzyma\u0142y i bardzo twardy. Pasek jest wykonany z grubej sk\u00f3ry naturalnej co sprawi \u017ce b\u0119dzie on\u00a0 zar\u00f3wno trwa\u0142y i wygodny w noszeniu.<\/p>\n","protected":false},"featured_media":5217,"comment_status":"open","ping_status":"closed","template":"","meta":[],"class_list":["post-5250","product","type-product","status-publish","has-post-thumbnail","hentry","product_cat-meskie","product_cat-drewniane-dla-mezczyzn","product_tag-bardzo-twardy","product_tag-drewno","product_tag-skora","product_tag-wytrzymaly","pa_additionalfeatures-super-lekki","pa_casebackmaterial-drewno-sandalowe","pa_casematerial-drewno-sandalowe","pa_clasptype-klamra","pa_dialcolor-drewno-orzechowe","pa_glass-krysztal-mineralny","pa_movement-japonski-kwarcowy","pa_strapcolor-czarny","pa_strapmaterial-skora-naturalna-pl","pa_warranty-2-lata","collection-legno-sul-bar-pl","dial_color-drewno","dial_color-drewno-orzechowe","strap_color-czarny","case_material-czarne-drewno-sandalowe","strap_material-skora"],"aioseo_notices":[],"post_mailing_queue_ids":[],"_links":{"self":[{"href":"https:\/\/www.giacomo-design.com\/pl\/wp-json\/wp\/v2\/product\/5250","targetHints":{"allow":["GET"]}}],"collection":[{"href":"https:\/\/www.giacomo-design.com\/pl\/wp-json\/wp\/v2\/product"}],"about":[{"href":"https:\/\/www.giacomo-design.com\/pl\/wp-json\/wp\/v2\/types\/product"}],"replies":[{"embeddable":true,"href":"https:\/\/www.giacomo-design.com\/pl\/wp-json\/wp\/v2\/comments?post=5250"}],"wp:featuredmedia":[{"embeddable":true,"href":"https:\/\/www.giacomo-design.com\/pl\/wp-json\/wp\/v2\/media\/5217"}],"wp:attachment":[{"href":"https:\/\/www.giacomo-design.com\/pl\/wp-json\/wp\/v2\/media?parent=5250"}],"curies":[{"name":"wp","href":"https:\/\/api.w.org\/{rel}","templated":true}]}}