{"id":5397,"date":"2017-11-19T20:46:13","date_gmt":"2017-11-19T20:46:13","guid":{"rendered":"https:\/\/www.giacomo-design.com\/product\/men-s-wood-watch-giacomo-design-legno-sul-bar-koa-wood-thick-leather-strap-2\/"},"modified":"2020-12-23T15:33:39","modified_gmt":"2020-12-23T15:33:39","slug":"legno-sul-bar-gd08012","status":"publish","type":"product","link":"https:\/\/www.giacomo-design.com\/pl\/produkt\/legno-sul-bar-gd08012\/","title":{"rendered":"Legno Sul Bar GD08012"},"content":{"rendered":"","protected":false},"excerpt":{"rendered":"<p>Ten model zegarka wykonany jest z drzewa orzechowego, kt\u00f3ry ma \u00a0naturalnie czekoladowy kolor, jest lekki, wytrzyma\u0142y i bardzo twardy. Pasek jest wykonany z grubej sk\u00f3ry naturalnej co sprawi \u017ce b\u0119dzie on\u00a0 zar\u00f3wno trwa\u0142y i wygodny w noszeniu.<\/p>\n","protected":false},"featured_media":5360,"comment_status":"closed","ping_status":"closed","template":"","meta":[],"class_list":["post-5397","product","type-product","status-publish","has-post-thumbnail","hentry","product_cat-meskie","product_cat-drewniane-dla-mezczyzn","product_tag-drewno","product_tag-lekki","product_tag-skora","product_tag-twardy","product_tag-wytrzymaly","pa_additionalfeatures-super-lekki","pa_casebackmaterial-drewno-orzechowe","pa_casematerial-drewno-orzechowe","pa_clasptype-klamra","pa_dialcolor-drewno-orzechowe","pa_glass-krysztal-mineralny","pa_movement-japonski-kwarcowy","pa_strapcolor-czarny","pa_strapmaterial-skora-naturalna-pl","pa_warranty-2-lata","collection-legno-sul-bar-pl","dial_color-drewno","dial_color-drewno-orzechowe","strap_color-brazowy","case_material-drewno","case_material-drewno-orzechowe","strap_material-skora"],"aioseo_notices":[],"post_mailing_queue_ids":[],"_links":{"self":[{"href":"https:\/\/www.giacomo-design.com\/pl\/wp-json\/wp\/v2\/product\/5397","targetHints":{"allow":["GET"]}}],"collection":[{"href":"https:\/\/www.giacomo-design.com\/pl\/wp-json\/wp\/v2\/product"}],"about":[{"href":"https:\/\/www.giacomo-design.com\/pl\/wp-json\/wp\/v2\/types\/product"}],"replies":[{"embeddable":true,"href":"https:\/\/www.giacomo-design.com\/pl\/wp-json\/wp\/v2\/comments?post=5397"}],"wp:featuredmedia":[{"embeddable":true,"href":"https:\/\/www.giacomo-design.com\/pl\/wp-json\/wp\/v2\/media\/5360"}],"wp:attachment":[{"href":"https:\/\/www.giacomo-design.com\/pl\/wp-json\/wp\/v2\/media?parent=5397"}],"curies":[{"name":"wp","href":"https:\/\/api.w.org\/{rel}","templated":true}]}}