{"id":791,"date":"2018-09-13T10:41:51","date_gmt":"2017-03-01T10:26:22","guid":{"rendered":"https:\/\/www.giacomo-design.com\/product\/zegarek-giacomo-design-classico-czarnyczarna-skora-chronograf\/"},"modified":"2019-04-01T09:08:06","modified_gmt":"2019-04-01T09:08:06","slug":"classico-gd01001","status":"publish","type":"product","link":"https:\/\/www.giacomo-design.com\/pl\/produkt\/classico-gd01001\/","title":{"rendered":"Classico GD01001"},"content":{"rendered":"","protected":false},"excerpt":{"rendered":"<p style=\"text-align: left\">Seria Classico \u2013 klasyka nigdy nie wyjdzie z mody!<br \/>\nTen model Classico posiada czarn\u0105 stalow\u0105 kopert\u0119 o matowej strukturze, wykonan\u0105 z du\u017c\u0105 dok\u0142adno\u015bci\u0105. Czarny kolor tarczy i bia\u0142e indeksy doskonale komponuj\u0105 si\u0119 z czarnym paskiem.<\/p>\n","protected":false},"featured_media":751,"comment_status":"closed","ping_status":"closed","template":"","meta":[],"class_list":["post-791","product","type-product","status-publish","has-post-thumbnail","hentry","product_cat-chronograf","product_tag-matowy","product_tag-skora","product_tag-stylowy","pa_additionalfeatures-chronograf","pa_additionalfeatures-data-dzien-miesiaca","pa_casebackmaterial-stal-nierdzewna","pa_casematerial-stal-nierdzewna","pa_clasptype-klamra","pa_dialcolor-czarny","pa_glass-krysztal-mineralny","pa_movement-japonski-vr32","pa_strapcolor-czarny","pa_strapmaterial-skora-naturalna-pl","pa_warranty-2-lata","collection-classico-pl","dial_color-czarny","strap_color-czarny","case_material-stal-nierdzewna","strap_material-skora"],"aioseo_notices":[],"post_mailing_queue_ids":[],"_links":{"self":[{"href":"https:\/\/www.giacomo-design.com\/pl\/wp-json\/wp\/v2\/product\/791","targetHints":{"allow":["GET"]}}],"collection":[{"href":"https:\/\/www.giacomo-design.com\/pl\/wp-json\/wp\/v2\/product"}],"about":[{"href":"https:\/\/www.giacomo-design.com\/pl\/wp-json\/wp\/v2\/types\/product"}],"replies":[{"embeddable":true,"href":"https:\/\/www.giacomo-design.com\/pl\/wp-json\/wp\/v2\/comments?post=791"}],"wp:featuredmedia":[{"embeddable":true,"href":"https:\/\/www.giacomo-design.com\/pl\/wp-json\/wp\/v2\/media\/751"}],"wp:attachment":[{"href":"https:\/\/www.giacomo-design.com\/pl\/wp-json\/wp\/v2\/media?parent=791"}],"curies":[{"name":"wp","href":"https:\/\/api.w.org\/{rel}","templated":true}]}}